{"id":1468,"date":"2026-01-14T09:31:38","date_gmt":"2026-01-14T09:31:38","guid":{"rendered":"https:\/\/www.kamas.at\/?post_type=product&#038;p=1468"},"modified":"2026-02-22T08:57:59","modified_gmt":"2026-02-22T08:57:59","slug":"gesichtsmaske-aus-eselsmilch","status":"publish","type":"product","link":"https:\/\/www.kamas.at\/en\/produkt\/gesichtsmaske-aus-eselsmilch\/","title":{"rendered":"Gesichtsmaske aus Eselsmilch"},"content":{"rendered":"<p>F\u00fcr alle Hauttypen geeignet.<br \/>\nFeuchtigkeitsspendende Wirkung.<br \/>\nMaske im Kosmetiktuch \u2013 Einmalgebrauch<\/p>\n<p>Produktbeschreibung<\/p>\n<p>Die Gesichtsmaske im Kosmetiktuch spendet allen Hauttypen intensive und langanhaltende Feuchtigkeit, insbesondere trockener und m\u00fcder Haut.<\/p>\n<p>Ihre sanfte Formel ist auch f\u00fcr empfindliche Haut geeignet. Die Maske wirkt wie ein Kosmetiktuch, das mit einem Serum angereichert ist, das mit hausgemachter Eselsmilch, zwei Arten von Hyalurons\u00e4ure, Ceramiden und \u00e4therischem S\u00fc\u00dforangen\u00f6l angereichert ist.<\/p>\n<p>Dermatologisch getestet<br \/>\nNickel-getestet<\/p>\n<p>Anwendung<\/p>\n<p>Die Maske befindet sich in einer praktischen Verpackung. Nach dem Entnehmen aus dem Tiegel die Maske \u00f6ffnen und die \u00d6ffnungen f\u00fcr Augen und Mund suchen. Die Maske sanft auf die Haut auflegen.<\/p>\n<p>Um das gesamte Gesicht zu bedecken, beginnen Sie an der Stirn und streichen Sie die Maske zu den Augen hin glatt, um Lufteinschl\u00fcsse zu vermeiden. Die L\u00f6sung fixiert die Maske, w\u00e4hrend das Serum seine Wirkung entfaltet. Nach 10\u201315 Minuten kann die Maske entfernt werden. Nach der Anwendung der Maske empfehlen wir die Anwendung der \u201eViktoria\u201c-Gesichtscreme mit Eselsmilch.<\/p>\n","protected":false},"excerpt":{"rendered":"<p>Die Gesichtsmaske im Tuch spendet intensive und langanhaltende Feuchtigkeit f\u00fcr alle Hauttypen, insbesondere f\u00fcr trockene und m\u00fcde Haut. Ihre sanfte Formel ist selbst f\u00fcr empfindliche Haut geeignet. Die Maske wirkt wie ein mit Serum getr\u00e4nktes Tuch, angereichert mit hausgemachter Eselsmilch, zwei Arten von Hyalurons\u00e4ure und Ceramiden sowie \u00e4therischem S\u00fc\u00dforangen\u00f6l.<\/p>\n","protected":false},"featured_media":1469,"comment_status":"open","ping_status":"closed","template":"","meta":{"_acf_changed":false},"product_brand":[],"product_cat":[20,70,71],"product_tag":[],"class_list":{"0":"post-1468","1":"product","2":"type-product","3":"status-publish","4":"has-post-thumbnail","6":"product_cat-hygiene-kosmetik","7":"product_cat-neu-produkte","8":"product_cat-sale","10":"first","11":"outofstock","12":"taxable","13":"shipping-taxable","14":"purchasable","15":"product-type-simple"},"acf":[],"jetpack_sharing_enabled":true,"_links":{"self":[{"href":"https:\/\/www.kamas.at\/en\/wp-json\/wp\/v2\/product\/1468","targetHints":{"allow":["GET"]}}],"collection":[{"href":"https:\/\/www.kamas.at\/en\/wp-json\/wp\/v2\/product"}],"about":[{"href":"https:\/\/www.kamas.at\/en\/wp-json\/wp\/v2\/types\/product"}],"replies":[{"embeddable":true,"href":"https:\/\/www.kamas.at\/en\/wp-json\/wp\/v2\/comments?post=1468"}],"wp:featuredmedia":[{"embeddable":true,"href":"https:\/\/www.kamas.at\/en\/wp-json\/wp\/v2\/media\/1469"}],"wp:attachment":[{"href":"https:\/\/www.kamas.at\/en\/wp-json\/wp\/v2\/media?parent=1468"}],"wp:term":[{"taxonomy":"product_brand","embeddable":true,"href":"https:\/\/www.kamas.at\/en\/wp-json\/wp\/v2\/product_brand?post=1468"},{"taxonomy":"product_cat","embeddable":true,"href":"https:\/\/www.kamas.at\/en\/wp-json\/wp\/v2\/product_cat?post=1468"},{"taxonomy":"product_tag","embeddable":true,"href":"https:\/\/www.kamas.at\/en\/wp-json\/wp\/v2\/product_tag?post=1468"}],"curies":[{"name":"wp","href":"https:\/\/api.w.org\/{rel}","templated":true}]}}