{"id":1486,"date":"2026-01-14T09:46:49","date_gmt":"2026-01-14T09:46:49","guid":{"rendered":"https:\/\/www.kamas.at\/?post_type=product&#038;p=1486"},"modified":"2026-02-22T08:57:58","modified_gmt":"2026-02-22T08:57:58","slug":"golden-kleopatra-set","status":"publish","type":"product","link":"https:\/\/www.kamas.at\/en\/produkt\/golden-kleopatra-set\/","title":{"rendered":"Golden Kleopatra SET"},"content":{"rendered":"<p>Gesichtscreme aus Eselsmilch<\/p>\n<p>Eselsmilch ist ein nat\u00fcrlicher Anti-Aging-Wirkstoff, dessen Vorteile f\u00fcr die Gesichtspflege seit der Antike bekannt sind. Ihre Inhaltsstoffe sind ein stiller Luxus in ihrer nat\u00fcrlichsten Form. Und genau deshalb ist Eselsmilch von unserem Bauernhof der Hauptbestandteil unserer Gesichtscreme. Sie spendet intensive Feuchtigkeit und regeneriert die nat\u00fcrliche Schutzbarriere der Haut. Dank der Vitamine A und C wirkt Eselsmilch als nat\u00fcrliches Anti-Aging-Mittel.<\/p>\n<p>&nbsp;<\/p>\n<p>Gold-Regenerierendes Serum<\/p>\n<p>Das Serum ist f\u00fcr alle Hauttypen geeignet und n\u00e4hrt und spendet Feuchtigkeit. Es enth\u00e4lt unsere h\u00f6chste Konzentration an Immortelle-\u00d6l sowie Vanille- und Hagebuttenmazerat und antioxidativem Sanddorn\u00f6l. Dadurch werden die wichtigsten Anzeichen der Hautalterung gemildert. Das Serum tr\u00e4gt zu strafferer Haut, einem ebenm\u00e4\u00dfigen und strahlenden Teint bei.<\/p>\n<p>TIPP: Nach dem Gold-Regenerierenden Gesichtswasser das Serum sanft einmassieren.<\/p>\n<p>Aktion: Gua-Sha-Stein als Geschenk!<\/p>\n","protected":false},"excerpt":{"rendered":"<p>Gesichtscreme mit Eselsmilch + regenerierendes Goldserum<\/p>\n","protected":false},"featured_media":1487,"comment_status":"open","ping_status":"closed","template":"","meta":{"_acf_changed":false},"product_brand":[],"product_cat":[20,70,71,76],"product_tag":[],"class_list":{"0":"post-1486","1":"product","2":"type-product","3":"status-publish","4":"has-post-thumbnail","6":"product_cat-hygiene-kosmetik","7":"product_cat-neu-produkte","8":"product_cat-sale","9":"product_cat-set","11":"first","12":"instock","13":"taxable","14":"shipping-taxable","15":"purchasable","16":"product-type-simple"},"acf":[],"jetpack_sharing_enabled":true,"_links":{"self":[{"href":"https:\/\/www.kamas.at\/en\/wp-json\/wp\/v2\/product\/1486","targetHints":{"allow":["GET"]}}],"collection":[{"href":"https:\/\/www.kamas.at\/en\/wp-json\/wp\/v2\/product"}],"about":[{"href":"https:\/\/www.kamas.at\/en\/wp-json\/wp\/v2\/types\/product"}],"replies":[{"embeddable":true,"href":"https:\/\/www.kamas.at\/en\/wp-json\/wp\/v2\/comments?post=1486"}],"wp:featuredmedia":[{"embeddable":true,"href":"https:\/\/www.kamas.at\/en\/wp-json\/wp\/v2\/media\/1487"}],"wp:attachment":[{"href":"https:\/\/www.kamas.at\/en\/wp-json\/wp\/v2\/media?parent=1486"}],"wp:term":[{"taxonomy":"product_brand","embeddable":true,"href":"https:\/\/www.kamas.at\/en\/wp-json\/wp\/v2\/product_brand?post=1486"},{"taxonomy":"product_cat","embeddable":true,"href":"https:\/\/www.kamas.at\/en\/wp-json\/wp\/v2\/product_cat?post=1486"},{"taxonomy":"product_tag","embeddable":true,"href":"https:\/\/www.kamas.at\/en\/wp-json\/wp\/v2\/product_tag?post=1486"}],"curies":[{"name":"wp","href":"https:\/\/api.w.org\/{rel}","templated":true}]}}