{"id":1508,"date":"2026-01-14T10:23:22","date_gmt":"2026-01-14T10:23:22","guid":{"rendered":"https:\/\/www.kamas.at\/?post_type=product&#038;p=1508"},"modified":"2026-02-22T08:57:58","modified_gmt":"2026-02-22T08:57:58","slug":"immortelle-kiss-set","status":"publish","type":"product","link":"https:\/\/www.kamas.at\/en\/produkt\/immortelle-kiss-set\/","title":{"rendered":"Immortelle Kiss SET"},"content":{"rendered":"<p>Goldener Regenerierender Balsam<\/p>\n<p>Ein vielseitiger Balsam mit Immortellen\u00f6l. F\u00fcr die t\u00e4gliche Pflege und strahlende Haut an Gesicht und K\u00f6rper. F\u00fcr ein angenehmes Hautgef\u00fchl. Bei Bedarf auf die gereinigte, trockene Haut auftragen und sanft einmassieren.<\/p>\n<p>Goldener Regenerierender Lippenbalsam<\/p>\n<p>Pflegt, spendet Feuchtigkeit und sch\u00fctzt die Lippen vor dem Austrocknen bei jedem Wetter. Die rein nat\u00fcrliche Formel gl\u00e4ttet und regeneriert rissige und empfindliche Lippen schnell.<\/p>\n","protected":false},"excerpt":{"rendered":"<p>Unsterbliche Pflegelinie:<br \/>\nGoldener Regenerierender Balsam 50 ml + Goldenerierender Lippenbalsam 25 ml<\/p>\n","protected":false},"featured_media":1509,"comment_status":"open","ping_status":"closed","template":"","meta":{"_acf_changed":false},"product_brand":[],"product_cat":[20,70,71,76],"product_tag":[],"class_list":{"0":"post-1508","1":"product","2":"type-product","3":"status-publish","4":"has-post-thumbnail","6":"product_cat-hygiene-kosmetik","7":"product_cat-neu-produkte","8":"product_cat-sale","9":"product_cat-set","11":"first","12":"instock","13":"taxable","14":"shipping-taxable","15":"purchasable","16":"product-type-simple"},"acf":[],"jetpack_sharing_enabled":true,"_links":{"self":[{"href":"https:\/\/www.kamas.at\/en\/wp-json\/wp\/v2\/product\/1508","targetHints":{"allow":["GET"]}}],"collection":[{"href":"https:\/\/www.kamas.at\/en\/wp-json\/wp\/v2\/product"}],"about":[{"href":"https:\/\/www.kamas.at\/en\/wp-json\/wp\/v2\/types\/product"}],"replies":[{"embeddable":true,"href":"https:\/\/www.kamas.at\/en\/wp-json\/wp\/v2\/comments?post=1508"}],"wp:featuredmedia":[{"embeddable":true,"href":"https:\/\/www.kamas.at\/en\/wp-json\/wp\/v2\/media\/1509"}],"wp:attachment":[{"href":"https:\/\/www.kamas.at\/en\/wp-json\/wp\/v2\/media?parent=1508"}],"wp:term":[{"taxonomy":"product_brand","embeddable":true,"href":"https:\/\/www.kamas.at\/en\/wp-json\/wp\/v2\/product_brand?post=1508"},{"taxonomy":"product_cat","embeddable":true,"href":"https:\/\/www.kamas.at\/en\/wp-json\/wp\/v2\/product_cat?post=1508"},{"taxonomy":"product_tag","embeddable":true,"href":"https:\/\/www.kamas.at\/en\/wp-json\/wp\/v2\/product_tag?post=1508"}],"curies":[{"name":"wp","href":"https:\/\/api.w.org\/{rel}","templated":true}]}}