{"id":1542,"date":"2026-01-14T11:11:19","date_gmt":"2026-01-14T11:11:19","guid":{"rendered":"https:\/\/www.kamas.at\/?post_type=product&#038;p=1542"},"modified":"2026-02-22T08:57:58","modified_gmt":"2026-02-22T08:57:58","slug":"grazia-best-of-beauty-set","status":"publish","type":"product","link":"https:\/\/www.kamas.at\/en\/produkt\/grazia-best-of-beauty-set\/","title":{"rendered":"Grazia Best of Beauty SET"},"content":{"rendered":"<p>Duschgel aus Eselsmilch<\/p>\n<p>Unser Duschgel ist ein Hauch von unaufdringlichem Luxus. Unsere Kundinnen und Kunden verwenden es tats\u00e4chlich auch zur Gesichts- und Haarw\u00e4sche sowie als Ganzk\u00f6rper-Duschgel. Mit Milch von unserem Bauernhof angereichert, duftet es nach Gardenie und Waldfr\u00fcchten und eignet sich auch zur Haarw\u00e4sche. Es ist sanft, frei von Parabenen und Reizstoffen und somit selbst f\u00fcr empfindlichste Haut geeignet.<\/p>\n<p>&nbsp;<\/p>\n<p>Gesichtsmaske aus Eselsmilch<\/p>\n<p>Die Gesichtsmaske im Tuch spendet intensive und langanhaltende Feuchtigkeit f\u00fcr alle Hauttypen, insbesondere f\u00fcr trockene und m\u00fcde Haut. Ihre sanfte Formel ist selbst f\u00fcr empfindliche Haut geeignet. Die Maske wirkt wie ein mit Serum getr\u00e4nktes Tuch, angereichert mit hausgemachter Eselsmilch, zwei Arten von Hyalurons\u00e4ure und Ceramiden sowie \u00e4therischem S\u00fc\u00dforangen\u00f6l.<\/p>\n","protected":false},"excerpt":{"rendered":"<p>Die besten Produkte (Grazia 2023, 2024)<\/p>\n<p>Eselsmilch-Linie:<br \/>\nDuschgel + Gesichtsmaske<\/p>\n","protected":false},"featured_media":1543,"comment_status":"open","ping_status":"closed","template":"","meta":{"_acf_changed":false},"product_brand":[],"product_cat":[20,70,71,76],"product_tag":[],"class_list":{"0":"post-1542","1":"product","2":"type-product","3":"status-publish","4":"has-post-thumbnail","6":"product_cat-hygiene-kosmetik","7":"product_cat-neu-produkte","8":"product_cat-sale","9":"product_cat-set","11":"first","12":"instock","13":"taxable","14":"shipping-taxable","15":"purchasable","16":"product-type-simple"},"acf":[],"jetpack_sharing_enabled":true,"_links":{"self":[{"href":"https:\/\/www.kamas.at\/en\/wp-json\/wp\/v2\/product\/1542","targetHints":{"allow":["GET"]}}],"collection":[{"href":"https:\/\/www.kamas.at\/en\/wp-json\/wp\/v2\/product"}],"about":[{"href":"https:\/\/www.kamas.at\/en\/wp-json\/wp\/v2\/types\/product"}],"replies":[{"embeddable":true,"href":"https:\/\/www.kamas.at\/en\/wp-json\/wp\/v2\/comments?post=1542"}],"wp:featuredmedia":[{"embeddable":true,"href":"https:\/\/www.kamas.at\/en\/wp-json\/wp\/v2\/media\/1543"}],"wp:attachment":[{"href":"https:\/\/www.kamas.at\/en\/wp-json\/wp\/v2\/media?parent=1542"}],"wp:term":[{"taxonomy":"product_brand","embeddable":true,"href":"https:\/\/www.kamas.at\/en\/wp-json\/wp\/v2\/product_brand?post=1542"},{"taxonomy":"product_cat","embeddable":true,"href":"https:\/\/www.kamas.at\/en\/wp-json\/wp\/v2\/product_cat?post=1542"},{"taxonomy":"product_tag","embeddable":true,"href":"https:\/\/www.kamas.at\/en\/wp-json\/wp\/v2\/product_tag?post=1542"}],"curies":[{"name":"wp","href":"https:\/\/api.w.org\/{rel}","templated":true}]}}