{"id":1547,"date":"2026-01-14T11:16:42","date_gmt":"2026-01-14T11:16:42","guid":{"rendered":"https:\/\/www.kamas.at\/?post_type=product&#038;p=1547"},"modified":"2026-02-22T08:57:59","modified_gmt":"2026-02-22T08:57:59","slug":"goldregenerierendes-gerboel-oel-mit-mazeraten-aus-immortelle-karotte-und-gruener-walnuss","status":"publish","type":"product","link":"https:\/\/www.kamas.at\/en\/produkt\/goldregenerierendes-gerboel-oel-mit-mazeraten-aus-immortelle-karotte-und-gruener-walnuss\/","title":{"rendered":"Goldregenerierendes Gerb\u00f6l \u2013 \u00d6l mit Mazeraten aus Immortelle, Karotte und gr\u00fcner Walnuss"},"content":{"rendered":"<p>INHALTSSTOFFE: Oliven\u00f6l, Extrakt aus der Italienischen Strohblume (Helichrysum italicum), Extrakt aus den Samen der Echten Johannisbeere (Juglans regia), Coco-Caprylat, Duftstoff, Karottenextrakt (Daucus carota sativa), Sonnenblumen\u00f6l (Helianthus annuus), Rosmarinblattextrakt (Rosmarinus officinalis), Wasser, Dehydroessigs\u00e4ure, Benzylalkohol, Cumarin.<\/p>\n<p>WARNUNG: Nur zur \u00e4u\u00dferlichen Anwendung. Das Produkt bietet keinen Sonnenschutz.<\/p>\n<p>AUFBEWAHRUNG: K\u00fchl, trocken und dunkel lagern. Au\u00dferhalb der Reichweite von Kindern aufbewahren.<\/p>\n","protected":false},"excerpt":{"rendered":"<p>\u00d6l mit Mazeraten aus Immortelle, Karotte und gr\u00fcner Walnuss<\/p>\n<p>Dieses hautbr\u00e4unende \u00d6l, angereichert mit Mazeraten aus Immortelle, Karotte und gr\u00fcner Walnuss, tr\u00e4gt zu einer gleichm\u00e4\u00dfigen, goldenen Br\u00e4une bei. Bio-Immortelle-Mazerat spendet der Haut Feuchtigkeit, Walnussmazerat regeneriert sie, und Karottenmazerat f\u00f6rdert die nat\u00fcrliche Br\u00e4unung und erh\u00e4lt sie. Die Haut f\u00fchlt sich seidig weich an.<\/p>\n<p>Tragen Sie das \u00d6l vor oder w\u00e4hrend des Sonnenbadens auf den ganzen K\u00f6rper auf und wiederholen Sie die Anwendung nach jedem Schwimmen im Meer, Duschen oder Abtrocknen. Vermeiden Sie l\u00e4ngere Sonnenb\u00e4der, insbesondere zwischen 11 und 17 Uhr, und sch\u00fctzen Sie sich vor UV-Strahlung.<\/p>\n","protected":false},"featured_media":1548,"comment_status":"open","ping_status":"closed","template":"","meta":{"_acf_changed":false},"product_brand":[],"product_cat":[20,70,71],"product_tag":[],"class_list":{"0":"post-1547","1":"product","2":"type-product","3":"status-publish","4":"has-post-thumbnail","6":"product_cat-hygiene-kosmetik","7":"product_cat-neu-produkte","8":"product_cat-sale","10":"first","11":"instock","12":"taxable","13":"shipping-taxable","14":"purchasable","15":"product-type-simple"},"acf":[],"jetpack_sharing_enabled":true,"_links":{"self":[{"href":"https:\/\/www.kamas.at\/en\/wp-json\/wp\/v2\/product\/1547","targetHints":{"allow":["GET"]}}],"collection":[{"href":"https:\/\/www.kamas.at\/en\/wp-json\/wp\/v2\/product"}],"about":[{"href":"https:\/\/www.kamas.at\/en\/wp-json\/wp\/v2\/types\/product"}],"replies":[{"embeddable":true,"href":"https:\/\/www.kamas.at\/en\/wp-json\/wp\/v2\/comments?post=1547"}],"wp:featuredmedia":[{"embeddable":true,"href":"https:\/\/www.kamas.at\/en\/wp-json\/wp\/v2\/media\/1548"}],"wp:attachment":[{"href":"https:\/\/www.kamas.at\/en\/wp-json\/wp\/v2\/media?parent=1547"}],"wp:term":[{"taxonomy":"product_brand","embeddable":true,"href":"https:\/\/www.kamas.at\/en\/wp-json\/wp\/v2\/product_brand?post=1547"},{"taxonomy":"product_cat","embeddable":true,"href":"https:\/\/www.kamas.at\/en\/wp-json\/wp\/v2\/product_cat?post=1547"},{"taxonomy":"product_tag","embeddable":true,"href":"https:\/\/www.kamas.at\/en\/wp-json\/wp\/v2\/product_tag?post=1547"}],"curies":[{"name":"wp","href":"https:\/\/api.w.org\/{rel}","templated":true}]}}