{"id":1564,"date":"2026-01-14T11:31:26","date_gmt":"2026-01-14T11:31:26","guid":{"rendered":"https:\/\/www.kamas.at\/?post_type=product&#038;p=1564"},"modified":"2026-02-22T08:57:59","modified_gmt":"2026-02-22T08:57:59","slug":"gold-regenerierendes-serum-gesichtspflegeserum-mit-immortelle-oel","status":"publish","type":"product","link":"https:\/\/www.kamas.at\/en\/produkt\/gold-regenerierendes-serum-gesichtspflegeserum-mit-immortelle-oel\/","title":{"rendered":"Gold Regenerierendes Serum \u2013 Gesichtspflegeserum mit Immortelle-\u00d6l"},"content":{"rendered":"<p>INHALTSSTOFFE: Macadamia-Ternifolia-Samen\u00f6l, Sonnenblumen\u00f6l, Weinreben\u00f6l, Hagebuttenextrakt, Coco-Caprylat, Strohblumen\u00f6l, Sanddorn\u00f6l, Vanilleextrakt, Rosmarinblattextrakt, Wasser, Tocopherylacetat, Dehydroessigs\u00e4ure, Benzylalkohol, Limonen, Linalool.<\/p>\n<p>Warnhinweis: Nur zur \u00e4u\u00dferlichen Anwendung.<\/p>\n<p>Aufbewahrung: K\u00fchl, trocken und dunkel lagern. Au\u00dferhalb der Reichweite von Kindern aufbewahren.<\/p>\n","protected":false},"excerpt":{"rendered":"<p>Das Serum ist f\u00fcr alle Hauttypen geeignet und pflegt und spendet Feuchtigkeit. Es enth\u00e4lt unsere h\u00f6chste Konzentration an Immortellen\u00f6l sowie Vanille- und Hagebuttenmazerat und antioxidativem Sanddorn\u00f6l. Dadurch werden die wichtigsten Anzeichen der Hautalterung gemildert. Das Serum tr\u00e4gt zu strafferer Haut, einem ebenm\u00e4\u00dfigen und strahlenden Teint bei.<\/p>\n<p>TIPP: Massieren Sie das Serum nach dem Gold Regenerative Tonic sanft in Ihre Haut ein.<\/p>\n","protected":false},"featured_media":1565,"comment_status":"open","ping_status":"closed","template":"","meta":{"_acf_changed":false},"product_brand":[],"product_cat":[20,70,71],"product_tag":[],"class_list":{"0":"post-1564","1":"product","2":"type-product","3":"status-publish","4":"has-post-thumbnail","6":"product_cat-hygiene-kosmetik","7":"product_cat-neu-produkte","8":"product_cat-sale","10":"first","11":"instock","12":"taxable","13":"shipping-taxable","14":"purchasable","15":"product-type-simple"},"acf":[],"jetpack_sharing_enabled":true,"_links":{"self":[{"href":"https:\/\/www.kamas.at\/en\/wp-json\/wp\/v2\/product\/1564","targetHints":{"allow":["GET"]}}],"collection":[{"href":"https:\/\/www.kamas.at\/en\/wp-json\/wp\/v2\/product"}],"about":[{"href":"https:\/\/www.kamas.at\/en\/wp-json\/wp\/v2\/types\/product"}],"replies":[{"embeddable":true,"href":"https:\/\/www.kamas.at\/en\/wp-json\/wp\/v2\/comments?post=1564"}],"wp:featuredmedia":[{"embeddable":true,"href":"https:\/\/www.kamas.at\/en\/wp-json\/wp\/v2\/media\/1565"}],"wp:attachment":[{"href":"https:\/\/www.kamas.at\/en\/wp-json\/wp\/v2\/media?parent=1564"}],"wp:term":[{"taxonomy":"product_brand","embeddable":true,"href":"https:\/\/www.kamas.at\/en\/wp-json\/wp\/v2\/product_brand?post=1564"},{"taxonomy":"product_cat","embeddable":true,"href":"https:\/\/www.kamas.at\/en\/wp-json\/wp\/v2\/product_cat?post=1564"},{"taxonomy":"product_tag","embeddable":true,"href":"https:\/\/www.kamas.at\/en\/wp-json\/wp\/v2\/product_tag?post=1564"}],"curies":[{"name":"wp","href":"https:\/\/api.w.org\/{rel}","templated":true}]}}