{"id":1595,"date":"2026-01-14T12:28:27","date_gmt":"2026-01-14T12:28:27","guid":{"rendered":"https:\/\/www.kamas.at\/?post_type=product&#038;p=1595"},"modified":"2026-02-22T08:57:59","modified_gmt":"2026-02-22T08:57:59","slug":"goldener-regenerierender-lippenbalsam-lippenpflegebalsam-mit-immortellenmazerat-und-aetherischem-orangenoel","status":"publish","type":"product","link":"https:\/\/www.kamas.at\/en\/produkt\/goldener-regenerierender-lippenbalsam-lippenpflegebalsam-mit-immortellenmazerat-und-aetherischem-orangenoel\/","title":{"rendered":"Goldener regenerierender Lippenbalsam \u2013 Lippenpflegebalsam mit Immortellenmazerat und \u00e4therischem Orangen\u00f6l"},"content":{"rendered":"<p>INHALTSSTOFFE: Theobroma Cacao Seed Butter, Cera Flava, Olea Europaea Fruit Oil, Sheyrospermum Parkii Butter, Helichrysum Italicum Flower Extract, Copernicia Cerifera Cera, Citrus Aurantium Peel Oil, Helianthus Annuus Seed Oil, Rosmarinus Officinalis Leaf Extract, Aqua, Dehydroessigs\u00e4ure, Benzylalkohol.<\/p>\n<p>WARNUNG: Nur zur \u00e4u\u00dferlichen Anwendung.<\/p>\n<p>AUFBEWAHRUNG: K\u00fchl, trocken und dunkel lagern. Au\u00dferhalb der Reichweite von Kindern aufbewahren.<\/p>\n","protected":false},"excerpt":{"rendered":"<p><strong>Balzam za njegu usana sa maceratom smilja i eteri\u010dnim uljem naran\u010de<\/strong><\/p>\n<p>Njeguje, vla\u017ei i \u0161titi usnice od isu\u0161ivanja u svim vremenskim uvjetima. Potpuno prirodna formula koja vrlo brzo zagla\u0111uje i obnavlja ispucane i osjetljive usne.<\/p>\n","protected":false},"featured_media":1602,"comment_status":"open","ping_status":"closed","template":"","meta":{"_acf_changed":false},"product_brand":[],"product_cat":[20,70,71],"product_tag":[],"class_list":{"0":"post-1595","1":"product","2":"type-product","3":"status-publish","4":"has-post-thumbnail","6":"product_cat-hygiene-kosmetik","7":"product_cat-neu-produkte","8":"product_cat-sale","10":"first","11":"instock","12":"taxable","13":"shipping-taxable","14":"purchasable","15":"product-type-simple"},"acf":[],"jetpack_sharing_enabled":true,"_links":{"self":[{"href":"https:\/\/www.kamas.at\/en\/wp-json\/wp\/v2\/product\/1595","targetHints":{"allow":["GET"]}}],"collection":[{"href":"https:\/\/www.kamas.at\/en\/wp-json\/wp\/v2\/product"}],"about":[{"href":"https:\/\/www.kamas.at\/en\/wp-json\/wp\/v2\/types\/product"}],"replies":[{"embeddable":true,"href":"https:\/\/www.kamas.at\/en\/wp-json\/wp\/v2\/comments?post=1595"}],"wp:featuredmedia":[{"embeddable":true,"href":"https:\/\/www.kamas.at\/en\/wp-json\/wp\/v2\/media\/1602"}],"wp:attachment":[{"href":"https:\/\/www.kamas.at\/en\/wp-json\/wp\/v2\/media?parent=1595"}],"wp:term":[{"taxonomy":"product_brand","embeddable":true,"href":"https:\/\/www.kamas.at\/en\/wp-json\/wp\/v2\/product_brand?post=1595"},{"taxonomy":"product_cat","embeddable":true,"href":"https:\/\/www.kamas.at\/en\/wp-json\/wp\/v2\/product_cat?post=1595"},{"taxonomy":"product_tag","embeddable":true,"href":"https:\/\/www.kamas.at\/en\/wp-json\/wp\/v2\/product_tag?post=1595"}],"curies":[{"name":"wp","href":"https:\/\/api.w.org\/{rel}","templated":true}]}}