{"id":1668,"date":"2026-01-14T13:29:02","date_gmt":"2026-01-14T13:29:02","guid":{"rendered":"https:\/\/www.kamas.at\/?post_type=product&#038;p=1668"},"modified":"2026-01-14T13:29:02","modified_gmt":"2026-01-14T13:29:02","slug":"rosa-canina-oil-50ml","status":"publish","type":"product","link":"https:\/\/www.kamas.at\/en\/produkt\/rosa-canina-oil-50ml\/","title":{"rendered":"Rosa Canina oil 50ml"},"content":{"rendered":"<p>Wildrosen-Mazerat 50 ml<br \/>\nWilde Hagebutten in kaltgepresstem Sonnenblumen\u00f6l<br \/>\nZutaten: Sonnenblumen\u00f6l (Helianthus Annuus), Hagebuttenextrakt (Rossa Canina).<br \/>\nAufbewahrung: K\u00fchl, trocken und dunkel lagern. Au\u00dferhalb der Reichweite von Kindern aufbewahren.<\/p>\n","protected":false},"excerpt":{"rendered":"<p>Wildrosen-Mazerat 50 ml Wilde Hagebutten in kaltgepresstem Sonnenblumen\u00f6l Zutaten: Sonnenblumen\u00f6l (Helianthus Annuus), Hagebuttenextrakt (Rossa Canina). Aufbewahrung: K\u00fchl, trocken und dunkel lagern. Au\u00dferhalb der Reichweite von Kindern aufbewahren.<\/p>\n","protected":false},"featured_media":1669,"comment_status":"open","ping_status":"closed","template":"","meta":{"_acf_changed":false},"product_brand":[],"product_cat":[70,17,71],"product_tag":[],"class_list":{"0":"post-1668","1":"product","2":"type-product","3":"status-publish","4":"has-post-thumbnail","6":"product_cat-neu-produkte","7":"product_cat-oele","8":"product_cat-sale","10":"first","11":"instock","12":"sale","13":"taxable","14":"shipping-taxable","15":"purchasable","16":"product-type-simple"},"acf":[],"jetpack_sharing_enabled":true,"_links":{"self":[{"href":"https:\/\/www.kamas.at\/en\/wp-json\/wp\/v2\/product\/1668","targetHints":{"allow":["GET"]}}],"collection":[{"href":"https:\/\/www.kamas.at\/en\/wp-json\/wp\/v2\/product"}],"about":[{"href":"https:\/\/www.kamas.at\/en\/wp-json\/wp\/v2\/types\/product"}],"replies":[{"embeddable":true,"href":"https:\/\/www.kamas.at\/en\/wp-json\/wp\/v2\/comments?post=1668"}],"wp:featuredmedia":[{"embeddable":true,"href":"https:\/\/www.kamas.at\/en\/wp-json\/wp\/v2\/media\/1669"}],"wp:attachment":[{"href":"https:\/\/www.kamas.at\/en\/wp-json\/wp\/v2\/media?parent=1668"}],"wp:term":[{"taxonomy":"product_brand","embeddable":true,"href":"https:\/\/www.kamas.at\/en\/wp-json\/wp\/v2\/product_brand?post=1668"},{"taxonomy":"product_cat","embeddable":true,"href":"https:\/\/www.kamas.at\/en\/wp-json\/wp\/v2\/product_cat?post=1668"},{"taxonomy":"product_tag","embeddable":true,"href":"https:\/\/www.kamas.at\/en\/wp-json\/wp\/v2\/product_tag?post=1668"}],"curies":[{"name":"wp","href":"https:\/\/api.w.org\/{rel}","templated":true}]}}