{"id":1672,"date":"2026-01-14T13:31:29","date_gmt":"2026-01-14T13:31:29","guid":{"rendered":"https:\/\/www.kamas.at\/?post_type=product&#038;p=1672"},"modified":"2026-01-26T08:13:54","modified_gmt":"2026-01-26T08:13:54","slug":"olivia-soap","status":"publish","type":"product","link":"https:\/\/www.kamas.at\/en\/produkt\/olivia-soap\/","title":{"rendered":"olivia soap"},"content":{"rendered":"<p>OLIVIA SEIFE \u2013 100 g<\/p>\n<p>Oliven\u00f6lseife<\/p>\n<p>Beschreibung: Reinigt, pflegt und spendet Feuchtigkeit. Die handgefertigte Olivia-Seife enth\u00e4lt ausschlie\u00dflich natives Oliven\u00f6l extra. Sie ist besonders leicht und sanft zur Haut. Oliven\u00f6l spendet intensive Feuchtigkeit und ist reich an Antioxidantien. Seifen mit hohem Oliven\u00f6lanteil sch\u00e4umen weniger stark, was jedoch nicht ihre Reinigungskraft beeintr\u00e4chtigt.<\/p>\n<p>Anwendung: Empfohlen f\u00fcr empfindliche Haut. Zur Gesichtsreinigung geeignet. F\u00fcr seidig-weiche Haut.<\/p>\n<p>Inhaltsstoffe: Oliven\u00f6l, Wasser, Natriumhydroxid, Sonnenblumen\u00f6l, Rosmarinblattextrakt.<\/p>\n<p>Alle unsere Produkte enthalten ausschlie\u00dflich pflanzliche Wachse und ein f\u00fcr Naturkosmetik zugelassenes Konservierungsmittel.<\/p>\n<p>Warnhinweis: Nur zur \u00e4u\u00dferlichen Anwendung.<\/p>\n<p>Aufbewahrung: K\u00fchl, trocken und dunkel lagern. Au\u00dferhalb der Reichweite von Kindern aufbewahren.<\/p>\n","protected":false},"excerpt":{"rendered":"<p>OLIVIA SEIFE \u2013 100 g Oliven\u00f6lseife Beschreibung: Reinigt, pflegt und spendet Feuchtigkeit. Die handgefertigte Olivia-Seife enth\u00e4lt ausschlie\u00dflich natives Oliven\u00f6l extra. Sie ist besonders leicht und sanft zur Haut. Oliven\u00f6l spendet [&hellip;]<\/p>\n","protected":false},"featured_media":1673,"comment_status":"open","ping_status":"closed","template":"","meta":{"_acf_changed":false},"product_brand":[],"product_cat":[20,70,71],"product_tag":[],"class_list":{"0":"post-1672","1":"product","2":"type-product","3":"status-publish","4":"has-post-thumbnail","6":"product_cat-hygiene-kosmetik","7":"product_cat-neu-produkte","8":"product_cat-sale","10":"first","11":"outofstock","12":"sale","13":"taxable","14":"shipping-taxable","15":"purchasable","16":"product-type-simple"},"acf":[],"jetpack_sharing_enabled":true,"_links":{"self":[{"href":"https:\/\/www.kamas.at\/en\/wp-json\/wp\/v2\/product\/1672","targetHints":{"allow":["GET"]}}],"collection":[{"href":"https:\/\/www.kamas.at\/en\/wp-json\/wp\/v2\/product"}],"about":[{"href":"https:\/\/www.kamas.at\/en\/wp-json\/wp\/v2\/types\/product"}],"replies":[{"embeddable":true,"href":"https:\/\/www.kamas.at\/en\/wp-json\/wp\/v2\/comments?post=1672"}],"wp:featuredmedia":[{"embeddable":true,"href":"https:\/\/www.kamas.at\/en\/wp-json\/wp\/v2\/media\/1673"}],"wp:attachment":[{"href":"https:\/\/www.kamas.at\/en\/wp-json\/wp\/v2\/media?parent=1672"}],"wp:term":[{"taxonomy":"product_brand","embeddable":true,"href":"https:\/\/www.kamas.at\/en\/wp-json\/wp\/v2\/product_brand?post=1672"},{"taxonomy":"product_cat","embeddable":true,"href":"https:\/\/www.kamas.at\/en\/wp-json\/wp\/v2\/product_cat?post=1672"},{"taxonomy":"product_tag","embeddable":true,"href":"https:\/\/www.kamas.at\/en\/wp-json\/wp\/v2\/product_tag?post=1672"}],"curies":[{"name":"wp","href":"https:\/\/api.w.org\/{rel}","templated":true}]}}