{"id":1929,"date":"2026-01-15T15:56:05","date_gmt":"2026-01-15T15:56:05","guid":{"rendered":"https:\/\/www.kamas.at\/?post_type=product&#038;p=1929"},"modified":"2026-01-16T10:55:24","modified_gmt":"2026-01-16T10:55:24","slug":"handgemachte-naturseife","status":"publish","type":"product","link":"https:\/\/www.kamas.at\/en\/produkt\/handgemachte-naturseife\/","title":{"rendered":"Handgemachte Naturseife"},"content":{"rendered":"<h2 data-start=\"159\" data-end=\"227\">\ud83c\udf3f Handgemachte Naturseife \u2013 Reine Pflege aus der Kraft der Natur<\/h2>\n<p data-start=\"229\" data-end=\"455\">Entdecken Sie nat\u00fcrliche Sch\u00f6nheit in ihrer reinsten Form. Unsere handgemachte Naturseife wird mit viel Liebe und Sorgfalt gefertigt und vereint ausgew\u00e4hlte, hochwertige Inhaltsstoffe zu einem besonders sanften Pflegeerlebnis.<\/p>\n<p data-start=\"457\" data-end=\"778\">Die cremige, reichhaltige Textur reinigt die Haut gr\u00fcndlich, ohne sie auszutrocknen. Wertvolle pflanzliche \u00d6le und nat\u00fcrliche Essenzen spenden Feuchtigkeit, unterst\u00fctzen die Hautbalance und hinterlassen ein geschmeidig weiches Hautgef\u00fchl. Jeder Seifenblock ist ein Unikat \u2013 ein Zeichen echter Handwerkskunst und Qualit\u00e4t.<\/p>\n<p data-start=\"780\" data-end=\"913\">Der dezente, nat\u00fcrliche Duft schenkt ein Gef\u00fchl von Frische und Entspannung und macht jede Anwendung zu einem kleinen Wellnessmoment.<\/p>\n<p data-start=\"915\" data-end=\"1016\">Ideal f\u00fcr H\u00e4nde, Gesicht und K\u00f6rper \u2013 f\u00fcr alle, die nat\u00fcrliche Pflege und stilvolle Eleganz sch\u00e4tzen.<\/p>\n<h3 data-start=\"1018\" data-end=\"1055\">\ud83d\udc8e Ihre Vorteile auf einen Blick:<\/h3>\n<p data-start=\"1056\" data-end=\"1298\">\u2714 Handgefertigt mit hochwertigen Naturrohstoffen<br data-start=\"1104\" data-end=\"1107\" \/>\u2714 Sanfte Reinigung ohne Austrocknen<br data-start=\"1142\" data-end=\"1145\" \/>\u2714 Pflegt und sch\u00fctzt die Hautbarriere<br data-start=\"1182\" data-end=\"1185\" \/>\u2714 F\u00fcr alle Hauttypen geeignet<br data-start=\"1214\" data-end=\"1217\" \/>\u2714 Frei von unn\u00f6tigen Zusatzstoffen<br data-start=\"1251\" data-end=\"1254\" \/>\u2714 Edles Design \u2013 perfekt auch als Geschenk<\/p>\n<p data-start=\"1300\" data-end=\"1427\"><strong data-start=\"1300\" data-end=\"1314\">Anwendung:<\/strong><br data-start=\"1314\" data-end=\"1317\" \/>Mit Wasser aufsch\u00e4umen, sanft auf der Haut verteilen und gr\u00fcndlich absp\u00fclen. F\u00fcr die t\u00e4gliche Pflege geeignet.<\/p>\n","protected":false},"excerpt":{"rendered":"<p>\ud83c\udf3f Handgemachte Naturseife \u2013 Reine Pflege aus der Kraft der Natur Entdecken Sie nat\u00fcrliche Sch\u00f6nheit in ihrer reinsten Form. Unsere handgemachte Naturseife wird mit viel Liebe und Sorgfalt gefertigt und [&hellip;]<\/p>\n","protected":false},"featured_media":2009,"comment_status":"open","ping_status":"closed","template":"","meta":{"_acf_changed":false},"product_brand":[],"product_cat":[20,70,71],"product_tag":[],"class_list":{"0":"post-1929","1":"product","2":"type-product","3":"status-publish","4":"has-post-thumbnail","6":"product_cat-hygiene-kosmetik","7":"product_cat-neu-produkte","8":"product_cat-sale","10":"first","11":"outofstock","12":"sale","13":"taxable","14":"shipping-taxable","15":"purchasable","16":"product-type-variable"},"acf":[],"jetpack_sharing_enabled":true,"_links":{"self":[{"href":"https:\/\/www.kamas.at\/en\/wp-json\/wp\/v2\/product\/1929","targetHints":{"allow":["GET"]}}],"collection":[{"href":"https:\/\/www.kamas.at\/en\/wp-json\/wp\/v2\/product"}],"about":[{"href":"https:\/\/www.kamas.at\/en\/wp-json\/wp\/v2\/types\/product"}],"replies":[{"embeddable":true,"href":"https:\/\/www.kamas.at\/en\/wp-json\/wp\/v2\/comments?post=1929"}],"wp:featuredmedia":[{"embeddable":true,"href":"https:\/\/www.kamas.at\/en\/wp-json\/wp\/v2\/media\/2009"}],"wp:attachment":[{"href":"https:\/\/www.kamas.at\/en\/wp-json\/wp\/v2\/media?parent=1929"}],"wp:term":[{"taxonomy":"product_brand","embeddable":true,"href":"https:\/\/www.kamas.at\/en\/wp-json\/wp\/v2\/product_brand?post=1929"},{"taxonomy":"product_cat","embeddable":true,"href":"https:\/\/www.kamas.at\/en\/wp-json\/wp\/v2\/product_cat?post=1929"},{"taxonomy":"product_tag","embeddable":true,"href":"https:\/\/www.kamas.at\/en\/wp-json\/wp\/v2\/product_tag?post=1929"}],"curies":[{"name":"wp","href":"https:\/\/api.w.org\/{rel}","templated":true}]}}