{"id":2208,"date":"2026-01-21T13:04:01","date_gmt":"2026-01-21T13:04:01","guid":{"rendered":"https:\/\/www.kamas.at\/?post_type=product&#038;p=2208"},"modified":"2026-02-15T22:47:58","modified_gmt":"2026-02-15T22:47:58","slug":"mini-salzblume-4pack","status":"publish","type":"product","link":"https:\/\/www.kamas.at\/en\/produkt\/mini-salzblume-4pack\/","title":{"rendered":"MINI Salzblume 4Pack"},"content":{"rendered":"<p><span class=\"t-48 d-block mb-2\"><strong><span dir=\"auto\" style=\"vertical-align: inherit;\"><span dir=\"auto\" style=\"vertical-align: inherit;\">Devet <\/span><\/span><\/strong>\u00a0<strong><span dir=\"auto\" style=\"vertical-align: inherit;\"><span dir=\"auto\" style=\"vertical-align: inherit;\">Salzblumea<\/span><\/span><\/strong><\/span><\/p>\n<p>&nbsp;<\/p>\n<p><span dir=\"auto\" style=\"vertical-align: inherit;\"><span dir=\"auto\" style=\"vertical-align: inherit;\">Niner fleur de sel je va\u017ena hranjiva tvar, bogata prirodnim mineralima koji pobolj\u0161avaju okus svakog jela. To je neizostavan prirodni za\u010din koji oboga\u0107uje svaku deliciju. Bere se samo pod idealnim vremenskim uvjetima, rano ujutro i kasno nave\u010der kada je vjetar vrlo slab. Pojavljuje se na povr\u0161ini mora, nalik tankom sloju pahuljica soli. Ove pahuljice se pa\u017eljivo skupljaju ru\u010dno, pomo\u0107u mikronskog sita, poput latica cvije\u0107a. Niner fleur de sel pripada specifi\u010dnoj vrsti morske soli, poznatoj kao teksturirana sol, \u010dija bogata i intenzivna aroma i nje\u017ena, pahuljasta kristalna struktura odu\u0161evljavaju svako nepce.<\/span><\/span><\/p>\n<p><span dir=\"auto\" style=\"vertical-align: inherit;\"><span dir=\"auto\" style=\"vertical-align: inherit;\">&#8211; Devet cvijeta soli (80 g, 100 g, 125 g, 150 g, 250 g, 500 g) &#8211; Devet cvijeta soli je &#8220;kavijar soli&#8221;, proizvod iznimne kvalitete i prepoznatljivog okusa. Cvijet soli se ne koristi u procesu kuhanja; on je zavr\u0161ni detalj za gotovo jelo.<\/span><\/span><\/p>\n","protected":false},"excerpt":{"rendered":"<p data-start=\"30\" data-end=\"196\"><strong data-start=\"30\" data-end=\"194\"><span dir=\"auto\" style=\"vertical-align: inherit;\"><span dir=\"auto\" style=\"vertical-align: inherit;\">Mini Fleur de Sel set od 4 komada, 50 g svaki \u2013 prakti\u010dno pakiranje, autenti\u010dan okus mora i savr\u0161en detalj za prave ljubitelje visokokvalitetnih za\u010dina.<\/span><\/span><\/strong><\/p>\n<p data-start=\"198\" data-end=\"393\"><span dir=\"auto\" style=\"vertical-align: inherit;\"><span dir=\"auto\" style=\"vertical-align: inherit;\">Slani kavijar \u2013 proizvod iznimne kvalitete i nepogre\u0161ivog gurmanskog okusa. Ne koristi se tijekom kuhanja, ve\u0107 tek na kraju kao zavr\u0161ni detalj.<\/span><\/span><\/p>\n<p data-start=\"198\" data-end=\"393\"><span dir=\"auto\" style=\"vertical-align: inherit;\"><span dir=\"auto\" style=\"vertical-align: inherit;\">4 x 50 g<\/span><\/span><\/p>\n<p data-start=\"395\" data-end=\"589\" data-is-last-node=\"\" data-is-only-node=\"\"><span dir=\"auto\" style=\"vertical-align: inherit;\"><span dir=\"auto\" style=\"vertical-align: inherit;\">Dostupno u \u010detiri varijante: <\/span><\/span><br data-start=\"424\" data-end=\"427\" \/><span dir=\"auto\" style=\"vertical-align: inherit;\"><span dir=\"auto\" style=\"vertical-align: inherit;\">\u2013 \u010disti fleur de sel <\/span><\/span><br data-start=\"448\" data-end=\"451\" \/><span dir=\"auto\" style=\"vertical-align: inherit;\"><span dir=\"auto\" style=\"vertical-align: inherit;\">\u2013 s limunom za svje\u017eu citrusnu notu <\/span><\/span><br data-start=\"492\" data-end=\"495\" \/><span dir=\"auto\" style=\"vertical-align: inherit;\"><span dir=\"auto\" style=\"vertical-align: inherit;\">\u2013 sa zelenom paprikom za blagu aromati\u010dnu ljutinu <\/span><\/span><br data-start=\"550\" data-end=\"553\" \/><span dir=\"auto\" style=\"vertical-align: inherit;\"><span dir=\"auto\" style=\"vertical-align: inherit;\">\u2013 s \u010dilijem za laganu ljutinu<\/span><\/span><\/p>\n","protected":false},"featured_media":2209,"comment_status":"open","ping_status":"closed","template":"","meta":{"_acf_changed":false},"product_brand":[],"product_cat":[70,71,21,76],"product_tag":[],"class_list":{"0":"post-2208","1":"product","2":"type-product","3":"status-publish","4":"has-post-thumbnail","6":"product_cat-neu-produkte","7":"product_cat-sale","8":"product_cat-salz","9":"product_cat-set","11":"first","12":"instock","13":"taxable","14":"shipping-taxable","15":"purchasable","16":"product-type-simple"},"acf":[],"jetpack_sharing_enabled":true,"_links":{"self":[{"href":"https:\/\/www.kamas.at\/en\/wp-json\/wp\/v2\/product\/2208","targetHints":{"allow":["GET"]}}],"collection":[{"href":"https:\/\/www.kamas.at\/en\/wp-json\/wp\/v2\/product"}],"about":[{"href":"https:\/\/www.kamas.at\/en\/wp-json\/wp\/v2\/types\/product"}],"replies":[{"embeddable":true,"href":"https:\/\/www.kamas.at\/en\/wp-json\/wp\/v2\/comments?post=2208"}],"wp:featuredmedia":[{"embeddable":true,"href":"https:\/\/www.kamas.at\/en\/wp-json\/wp\/v2\/media\/2209"}],"wp:attachment":[{"href":"https:\/\/www.kamas.at\/en\/wp-json\/wp\/v2\/media?parent=2208"}],"wp:term":[{"taxonomy":"product_brand","embeddable":true,"href":"https:\/\/www.kamas.at\/en\/wp-json\/wp\/v2\/product_brand?post=2208"},{"taxonomy":"product_cat","embeddable":true,"href":"https:\/\/www.kamas.at\/en\/wp-json\/wp\/v2\/product_cat?post=2208"},{"taxonomy":"product_tag","embeddable":true,"href":"https:\/\/www.kamas.at\/en\/wp-json\/wp\/v2\/product_tag?post=2208"}],"curies":[{"name":"wp","href":"https:\/\/api.w.org\/{rel}","templated":true}]}}