{"id":906,"date":"2023-02-21T08:23:30","date_gmt":"2023-02-21T08:23:30","guid":{"rendered":"https:\/\/www.kamas.at\/produkt\/prsut\/"},"modified":"2023-02-21T08:23:30","modified_gmt":"2023-02-21T08:23:30","slug":"prsut","status":"publish","type":"product","link":"https:\/\/www.kamas.at\/en\/produkt\/prsut\/","title":{"rendered":"Prsut"},"content":{"rendered":"<p style=\"text-align: left;\"><span style=\"color: #008000;\"><em>The word &#8220;prosciutto&#8221; comes from the Italian word prosciutto, which means salted and dried leg of pork. The first reliable information about dried and smoked pork, i.e. the production of prosciutto in the \u0160ibenik district and thus also in the Drni area, is found in the \u0160ibenik statutes from the 14th century.  <\/em><em>Mentioned in the eighteenth century. However, the production of Drni\u0161ki ham as a special brand for the market began in 1969 with the establishment of the Petrovo Polje Agro-Industrial Combine (PIK), and already the following year the combine merged with RO Mesopromet from Split. The initial capacity of the combine was 3,000 pieces of hams, which were dried in various places, through the later construction of its own dryer, acquisition of more modern machines and cooperation with PIKs in Belje, Kru\u0161evac, Subotica etc. The number of dried hams at the end of the eighties was about 23,000 pieces. The Drnik area is situated between several mountains (Promina, Svilaja). The largest part of the plateau covers Petrovo polje, through which the \u010cikola river flows and flows into Krk. The climate is pleasant. Scientific analyses prove that the microclimatic conditions of the Drni\u0161 area distinguish Drni\u0161 ham from other Dalmatian hams. The Drni\u0161ka region is located in close proximity to the sea, but has very specific climatic conditions, which have the character of a modified Mediterranean climate. Overall, the climate is predominantly sub-Mediterranean, warm in summer (hot and dry), mild winters with abundant autumn and winter rains. Winds are the most important for prosciutto production. Bura is the prevailing wind (50% of all winds) and often blows from the south. Winds prevail in the winter part of the year. Maestral and ass are light breezes in the summer months.<\/em><\/span><\/p>\n","protected":false},"excerpt":{"rendered":"<p>The word &#8220;prosciutto&#8221; comes from the Italian word prosciutto, which means salted and dried leg of pork. The first reliable information about dried and smoked pork, i.e. the production of [&hellip;]<\/p>\n","protected":false},"featured_media":541,"comment_status":"open","ping_status":"closed","template":"","meta":{"_acf_changed":false},"product_brand":[],"product_cat":[58],"product_tag":[],"class_list":{"0":"post-906","1":"product","2":"type-product","3":"status-publish","4":"has-post-thumbnail","6":"product_cat-food","8":"first","9":"instock","10":"taxable","11":"shipping-taxable","12":"purchasable","13":"product-type-variable"},"acf":[],"jetpack_sharing_enabled":true,"_links":{"self":[{"href":"https:\/\/www.kamas.at\/en\/wp-json\/wp\/v2\/product\/906","targetHints":{"allow":["GET"]}}],"collection":[{"href":"https:\/\/www.kamas.at\/en\/wp-json\/wp\/v2\/product"}],"about":[{"href":"https:\/\/www.kamas.at\/en\/wp-json\/wp\/v2\/types\/product"}],"replies":[{"embeddable":true,"href":"https:\/\/www.kamas.at\/en\/wp-json\/wp\/v2\/comments?post=906"}],"wp:featuredmedia":[{"embeddable":true,"href":"https:\/\/www.kamas.at\/en\/wp-json\/wp\/v2\/media\/541"}],"wp:attachment":[{"href":"https:\/\/www.kamas.at\/en\/wp-json\/wp\/v2\/media?parent=906"}],"wp:term":[{"taxonomy":"product_brand","embeddable":true,"href":"https:\/\/www.kamas.at\/en\/wp-json\/wp\/v2\/product_brand?post=906"},{"taxonomy":"product_cat","embeddable":true,"href":"https:\/\/www.kamas.at\/en\/wp-json\/wp\/v2\/product_cat?post=906"},{"taxonomy":"product_tag","embeddable":true,"href":"https:\/\/www.kamas.at\/en\/wp-json\/wp\/v2\/product_tag?post=906"}],"curies":[{"name":"wp","href":"https:\/\/api.w.org\/{rel}","templated":true}]}}