{"id":327,"date":"2023-01-19T10:41:01","date_gmt":"2023-01-19T10:41:01","guid":{"rendered":"https:\/\/www.kamas.at\/zastita-podataka\/"},"modified":"2023-03-21T13:17:02","modified_gmt":"2023-03-21T13:17:02","slug":"zastita-podataka","status":"publish","type":"page","link":"https:\/\/www.kamas.at\/hr\/zastita-podataka\/","title":{"rendered":"Za\u0161tita podataka"},"content":{"rendered":"\n<h2 class=\"wp-block-heading\">djelokrug<\/h2>\n\n<p>Ova Izjava o za\u0161titi podataka ima za cilj informirati korisnike ove web stranice o vrsti, opsegu i svrsi prikupljanja i kori\u0161tenja osobnih podataka od strane operatera web stranice Kata Papi\u0107 u skladu s austrijskim Zakonom o za\u0161titi podataka (DSG) i Op\u0107im podacima EU Uredba o za\u0161titi (GDPR).<\/p>\n\n<p>Operater web stranice vrlo ozbiljno shva\u0107a za\u0161titu Va\u0161ih podataka te s Va\u0161im osobnim podacima postupa povjerljivo iu skladu sa zakonskim propisima.<\/p>\n\n<p>Imajte na umu da prijenos podataka na internetu uvijek mo\u017ee biti podlo\u017ean sigurnosnim propustima. Potpuna za\u0161tita od pristupa tre\u0107ih strana nije izvediva.<\/p>\n\n<h2 class=\"wp-block-heading\">pristup podacima<\/h2>\n\n<p>Operater web stranice ili davatelj stranice prikuplja podatke o pristupu stranici i sprema ih kao &#8220;log datoteke poslu\u017eitelja&#8221;. Na ovaj na\u010din se bilje\u017ee sljede\u0107i podaci:<\/p>\n\n<p>Posje\u0107eno mjesto<br\/>Vrijeme u trenutku pristupa<br\/>Koli\u010dina poslanih podataka u bajtovima<br\/>Izvor\/referenca iz koje ste do\u0161li na stranicu<br\/>Kori\u0161ten preglednik<br\/>Kori\u0161teni operativni sustav<br\/>Kori\u0161tena IP adresa<br\/>Prikupljeni podaci koriste se samo za statisti\u010dke procjene i pobolj\u0161anje web stranice. Me\u0111utim, operater web stranice zadr\u017eava pravo naknadne provjere log datoteka poslu\u017eitelja ako postoje konkretni pokazatelji nezakonite uporabe.<\/p>\n\n<h2 class=\"wp-block-heading\">kola\u010di\u0107i<\/h2>\n\n<p>Ova stranica koristi kola\u010di\u0107e. To su male tekstualne datoteke koje su pohranjene na va\u0161em krajnjem ure\u0111aju. Va\u0161 preglednik pristupa ovim datotekama. Kori\u0161tenje kola\u010di\u0107a pove\u0107ava jednostavnost kori\u0161tenja i sigurnost ove web stranice.<\/p>\n\n<p>Uobi\u010dajeni preglednici nude opciju postavke da ne dopu\u0161taju kola\u010di\u0107e. Napomena: Ne postoji jamstvo da \u0107ete mo\u0107i pristupiti svim funkcijama ove web stranice bez ograni\u010denja ako napravite odgovaraju\u0107e postavke.<\/p>\n\n<h2 class=\"wp-block-heading\">Postupanje s osobnim podacima<\/h2>\n\n<p>Operater web stranice prikuplja, koristi i proslje\u0111uje Va\u0161e osobne podatke samo ako je to dopu\u0161teno zakonom ili ako Vi pristanete na prikupljanje podataka.<\/p>\n\n<p>Osobni podaci su sve informacije koje se koriste za identifikaciju va\u0161e osobe i koje se mogu pratiti do vas &#8211; na primjer va\u0161e ime, adresa e-po\u0161te i broj telefona.<\/p>\n\n<h2 class=\"wp-block-heading\">Rukovanje podacima za kontakt<\/h2>\n\n<p>Ako kontaktirate operatera web stranice putem ponu\u0111enih kontakt opcija, va\u0161i podaci \u0107e biti spremljeni kako bi se mogli koristiti za obradu i odgovor na va\u0161 zahtjev. Ovi podaci ne\u0107e biti proslije\u0111eni tre\u0107im stranama bez va\u0161eg pristanka.<\/p>\n\n<h4 class=\"wp-block-heading\"><\/h4>\n\n<h4 class=\"wp-block-heading\">Prava korisnika: informacija, ispravak i brisanje<\/h4>\n\n<p>Na zahtjev, vi kao korisnik dobit \u0107ete besplatne informacije o tome koji su osobni podaci pohranjeni o vama. Ako va\u0161 zahtjev nije u suprotnosti sa zakonskom obvezom pohrane podataka (npr. zadr\u017eavanje podataka), imate pravo na ispravak neto\u010dnih podataka i blokiranje ili brisanje va\u0161ih osobnih podataka.<\/p>\n","protected":false},"excerpt":{"rendered":"<p>djelokrug Ova Izjava o za\u0161titi podataka ima za cilj informirati korisnike ove web stranice o vrsti, opsegu i svrsi prikupljanja i kori\u0161tenja osobnih podataka od strane operatera web stranice Kata [&hellip;]<\/p>\n","protected":false},"author":6,"featured_media":0,"parent":0,"menu_order":100,"comment_status":"closed","ping_status":"closed","template":"template-fullwidth.php","meta":{"_acf_changed":false,"footnotes":""},"class_list":["post-327","page","type-page","status-publish","hentry"],"acf":[],"jetpack_sharing_enabled":true,"_links":{"self":[{"href":"https:\/\/www.kamas.at\/hr\/wp-json\/wp\/v2\/pages\/327","targetHints":{"allow":["GET"]}}],"collection":[{"href":"https:\/\/www.kamas.at\/hr\/wp-json\/wp\/v2\/pages"}],"about":[{"href":"https:\/\/www.kamas.at\/hr\/wp-json\/wp\/v2\/types\/page"}],"author":[{"embeddable":true,"href":"https:\/\/www.kamas.at\/hr\/wp-json\/wp\/v2\/users\/6"}],"replies":[{"embeddable":true,"href":"https:\/\/www.kamas.at\/hr\/wp-json\/wp\/v2\/comments?post=327"}],"version-history":[{"count":4,"href":"https:\/\/www.kamas.at\/hr\/wp-json\/wp\/v2\/pages\/327\/revisions"}],"predecessor-version":[{"id":1064,"href":"https:\/\/www.kamas.at\/hr\/wp-json\/wp\/v2\/pages\/327\/revisions\/1064"}],"wp:attachment":[{"href":"https:\/\/www.kamas.at\/hr\/wp-json\/wp\/v2\/media?parent=327"}],"curies":[{"name":"wp","href":"https:\/\/api.w.org\/{rel}","templated":true}]}}