{"id":331,"date":"2023-01-19T14:32:53","date_gmt":"2023-01-19T14:32:53","guid":{"rendered":"https:\/\/www.kamas.at\/dom\/"},"modified":"2023-05-08T11:39:22","modified_gmt":"2023-05-08T11:39:22","slug":"dom","status":"publish","type":"page","link":"https:\/\/www.kamas.at\/hr\/","title":{"rendered":"Dom"},"content":{"rendered":"\n<h1 class=\"wp-block-heading has-text-align-center\" id=\"headline-137-28\">HRVATSKI PRIRODNI PROIZVODI<\/h1>\n\n<p class=\"has-text-align-center\">ZDRAVLJE I SNAGA | WELLNESS &amp; LJEPOTA | HRANA &amp; U\u017dIVANJE<\/p>\n\n<div class=\"wp-block-columns is-layout-flex wp-container-core-columns-is-layout-28f84493 wp-block-columns-is-layout-flex\">\n<div class=\"wp-block-column is-layout-flow wp-block-column-is-layout-flow\"><div class=\"wp-block-image\">\n<figure class=\"aligncenter size-full is-resized\"><img loading=\"lazy\" decoding=\"async\" src=\"https:\/\/www.kamas.at\/wp-content\/uploads\/2022\/12\/sonne-1.png\" alt=\"\" class=\"wp-image-202\" width=\"113\" height=\"125\" srcset=\"https:\/\/www.kamas.at\/wp-content\/uploads\/2022\/12\/sonne-1.png 450w, https:\/\/www.kamas.at\/wp-content\/uploads\/2022\/12\/sonne-1-270x300.png 270w, https:\/\/www.kamas.at\/wp-content\/uploads\/2022\/12\/sonne-1-416x462.png 416w\" sizes=\"auto, (max-width: 113px) 100vw, 113px\" \/><\/figure>\n<\/div>\n\n\n<h3 class=\"wp-block-heading has-text-align-center\" id=\"headline-100-28\">Tko je KaMas?<\/h3>\n\n\n\n<p class=\"has-text-align-center\">Katja i Maria Papi\u0107. Majka i k\u0107i dijele ljubav prema bogatoj prirodi Hrvatske.<\/p>\n<\/div>\n\n\n\n<div class=\"wp-block-column is-layout-flow wp-block-column-is-layout-flow\"><div class=\"wp-block-image\">\n<figure class=\"aligncenter size-full is-resized\"><img loading=\"lazy\" decoding=\"async\" src=\"https:\/\/www.kamas.at\/wp-content\/uploads\/2022\/12\/Herz.png\" alt=\"\" class=\"wp-image-203\" width=\"113\" height=\"125\" srcset=\"https:\/\/www.kamas.at\/wp-content\/uploads\/2022\/12\/Herz.png 450w, https:\/\/www.kamas.at\/wp-content\/uploads\/2022\/12\/Herz-270x300.png 270w, https:\/\/www.kamas.at\/wp-content\/uploads\/2022\/12\/Herz-416x462.png 416w\" sizes=\"auto, (max-width: 113px) 100vw, 113px\" \/><\/figure>\n<\/div>\n\n\n<h3 class=\"wp-block-heading has-text-align-center\" id=\"headline-107-28\">\u0160to nam je \u010diniti?<\/h3>\n\n\n\n<p class=\"has-text-align-center\">Svi KaMas proizvodi obra\u0111uju se s najve\u0107om pa\u017enjom prema biolo\u0161kim kriterijima.<\/p>\n<\/div>\n\n\n\n<div class=\"wp-block-column is-layout-flow wp-block-column-is-layout-flow\"><div class=\"wp-block-image\">\n<figure class=\"aligncenter size-full is-resized\"><img loading=\"lazy\" decoding=\"async\" src=\"https:\/\/www.kamas.at\/wp-content\/uploads\/2022\/12\/Fahne.png\" alt=\"\" class=\"wp-image-204\" width=\"113\" height=\"125\" srcset=\"https:\/\/www.kamas.at\/wp-content\/uploads\/2022\/12\/Fahne.png 450w, https:\/\/www.kamas.at\/wp-content\/uploads\/2022\/12\/Fahne-270x300.png 270w, https:\/\/www.kamas.at\/wp-content\/uploads\/2022\/12\/Fahne-416x462.png 416w\" sizes=\"auto, (max-width: 113px) 100vw, 113px\" \/><\/figure>\n<\/div>\n\n\n<h3 class=\"wp-block-heading has-text-align-center\" id=\"headline-95-28\">Odakle dolazi?<\/h3>\n\n\n\n<p class=\"has-text-align-center\">Izvorni, \u010disti prirodni proizvodi iz Hrvatske. Jam\u010dimo najvi\u0161u ru\u010dno biranu kvalitetu.<\/p>\n<\/div>\n<\/div>\n\n<h2 class=\"wp-block-heading has-text-align-center\">Kupujte po kategoriji<\/h2>\n<div class=\"woocommerce columns-4\"><ul class=\"products columns-4\">\n<li class=\"product-category product first\">\n\t<a aria-label=\"Posjetite kategoriju proizvoda \u010daj\" href=\"https:\/\/www.kamas.at\/hr\/produkt-kategorie\/caj\/\"><img loading=\"lazy\" decoding=\"async\" src=\"https:\/\/www.kamas.at\/wp-content\/uploads\/2023\/02\/photo-1563822249548-9a72b6353cd1-420x420.jpeg\" alt=\"\u010daj\" width=\"420\" height=\"420\" srcset=\"https:\/\/www.kamas.at\/wp-content\/uploads\/2023\/02\/photo-1563822249548-9a72b6353cd1-420x420.jpeg 420w, https:\/\/www.kamas.at\/wp-content\/uploads\/2023\/02\/photo-1563822249548-9a72b6353cd1-100x100.jpeg 100w, https:\/\/www.kamas.at\/wp-content\/uploads\/2023\/02\/photo-1563822249548-9a72b6353cd1-150x150.jpeg 150w\" sizes=\"auto, (max-width: 420px) 100vw, 420px\" \/>\t\t<h2 class=\"woocommerce-loop-category__title\">\n\t\t\t\u010daj <mark class=\"count\">(8)<\/mark>\t\t<\/h2>\n\t\t<\/a><\/li>\n<li class=\"product-category product\">\n\t<a aria-label=\"Posjetite kategoriju proizvoda Jesti\" href=\"https:\/\/www.kamas.at\/hr\/produkt-kategorie\/jesti\/\"><img loading=\"lazy\" decoding=\"async\" src=\"https:\/\/www.kamas.at\/wp-content\/uploads\/2023\/02\/photo-1561668048-fe9c092832e0-420x420.jpeg\" alt=\"Jesti\" width=\"420\" height=\"420\" srcset=\"https:\/\/www.kamas.at\/wp-content\/uploads\/2023\/02\/photo-1561668048-fe9c092832e0-420x420.jpeg 420w, https:\/\/www.kamas.at\/wp-content\/uploads\/2023\/02\/photo-1561668048-fe9c092832e0-100x100.jpeg 100w, https:\/\/www.kamas.at\/wp-content\/uploads\/2023\/02\/photo-1561668048-fe9c092832e0-150x150.jpeg 150w\" sizes=\"auto, (max-width: 420px) 100vw, 420px\" \/>\t\t<h2 class=\"woocommerce-loop-category__title\">\n\t\t\tJesti <mark class=\"count\">(1)<\/mark>\t\t<\/h2>\n\t\t<\/a><\/li>\n<li class=\"product-category product\">\n\t<a aria-label=\"Posjetite kategoriju proizvoda Med\" href=\"https:\/\/www.kamas.at\/hr\/produkt-kategorie\/med\/\"><img loading=\"lazy\" decoding=\"async\" src=\"https:\/\/www.kamas.at\/wp-content\/uploads\/2022\/12\/honig-420x420.jpg\" alt=\"Med\" width=\"420\" height=\"420\" srcset=\"https:\/\/www.kamas.at\/wp-content\/uploads\/2022\/12\/honig-420x420.jpg 420w, https:\/\/www.kamas.at\/wp-content\/uploads\/2022\/12\/honig-100x100.jpg 100w, https:\/\/www.kamas.at\/wp-content\/uploads\/2022\/12\/honig-150x150.jpg 150w\" sizes=\"auto, (max-width: 420px) 100vw, 420px\" \/>\t\t<h2 class=\"woocommerce-loop-category__title\">\n\t\t\tMed <mark class=\"count\">(2)<\/mark>\t\t<\/h2>\n\t\t<\/a><\/li>\n<li class=\"product-category product last\">\n\t<a aria-label=\"Posjetite kategoriju proizvoda ora\u0161asti plodovi\" href=\"https:\/\/www.kamas.at\/hr\/produkt-kategorie\/orasasti-plodovi\/\"><img loading=\"lazy\" decoding=\"async\" src=\"https:\/\/www.kamas.at\/wp-content\/uploads\/2022\/12\/nuesse-420x420.jpg\" alt=\"ora\u0161asti plodovi\" width=\"420\" height=\"420\" srcset=\"https:\/\/www.kamas.at\/wp-content\/uploads\/2022\/12\/nuesse-420x420.jpg 420w, https:\/\/www.kamas.at\/wp-content\/uploads\/2022\/12\/nuesse-100x100.jpg 100w, https:\/\/www.kamas.at\/wp-content\/uploads\/2022\/12\/nuesse-150x150.jpg 150w\" sizes=\"auto, (max-width: 420px) 100vw, 420px\" \/>\t\t<h2 class=\"woocommerce-loop-category__title\">\n\t\t\tora\u0161asti plodovi <mark class=\"count\">(2)<\/mark>\t\t<\/h2>\n\t\t<\/a><\/li>\n<li class=\"product-category product first\">\n\t<a aria-label=\"Posjetite kategoriju proizvoda Sol\" href=\"https:\/\/www.kamas.at\/hr\/produkt-kategorie\/sol\/\"><img loading=\"lazy\" decoding=\"async\" src=\"https:\/\/www.kamas.at\/wp-content\/uploads\/2022\/12\/salz-420x420.jpg\" alt=\"Sol\" width=\"420\" height=\"420\" srcset=\"https:\/\/www.kamas.at\/wp-content\/uploads\/2022\/12\/salz-420x420.jpg 420w, https:\/\/www.kamas.at\/wp-content\/uploads\/2022\/12\/salz-100x100.jpg 100w, https:\/\/www.kamas.at\/wp-content\/uploads\/2022\/12\/salz-150x150.jpg 150w\" sizes=\"auto, (max-width: 420px) 100vw, 420px\" \/>\t\t<h2 class=\"woocommerce-loop-category__title\">\n\t\t\tSol <mark class=\"count\">(1)<\/mark>\t\t<\/h2>\n\t\t<\/a><\/li>\n<li class=\"product-category product\">\n\t<a aria-label=\"Posjetite kategoriju proizvoda tjestenina\" href=\"https:\/\/www.kamas.at\/hr\/produkt-kategorie\/tjestenina\/\"><img loading=\"lazy\" decoding=\"async\" src=\"https:\/\/www.kamas.at\/wp-content\/uploads\/2023\/03\/photo-1520806004693-db86ec088635-420x420.jpeg\" alt=\"tjestenina\" width=\"420\" height=\"420\" srcset=\"https:\/\/www.kamas.at\/wp-content\/uploads\/2023\/03\/photo-1520806004693-db86ec088635-420x420.jpeg 420w, https:\/\/www.kamas.at\/wp-content\/uploads\/2023\/03\/photo-1520806004693-db86ec088635-100x100.jpeg 100w, https:\/\/www.kamas.at\/wp-content\/uploads\/2023\/03\/photo-1520806004693-db86ec088635-150x150.jpeg 150w\" sizes=\"auto, (max-width: 420px) 100vw, 420px\" \/>\t\t<h2 class=\"woocommerce-loop-category__title\">\n\t\t\ttjestenina <mark class=\"count\">(3)<\/mark>\t\t<\/h2>\n\t\t<\/a><\/li>\n<li class=\"product-category product\">\n\t<a aria-label=\"Posjetite kategoriju proizvoda ulja\" href=\"https:\/\/www.kamas.at\/hr\/produkt-kategorie\/ulja\/\"><img loading=\"lazy\" decoding=\"async\" src=\"https:\/\/www.kamas.at\/wp-content\/uploads\/2022\/12\/oele-420x420.jpg\" alt=\"ulja\" width=\"420\" height=\"420\" srcset=\"https:\/\/www.kamas.at\/wp-content\/uploads\/2022\/12\/oele-420x420.jpg 420w, https:\/\/www.kamas.at\/wp-content\/uploads\/2022\/12\/oele-100x100.jpg 100w, https:\/\/www.kamas.at\/wp-content\/uploads\/2022\/12\/oele-150x150.jpg 150w\" sizes=\"auto, (max-width: 420px) 100vw, 420px\" \/>\t\t<h2 class=\"woocommerce-loop-category__title\">\n\t\t\tulja <mark class=\"count\">(4)<\/mark>\t\t<\/h2>\n\t\t<\/a><\/li>\n<li class=\"product-category product last\">\n\t<a aria-label=\"Posjetite kategoriju proizvoda Higijenska-Kozmetika\" href=\"https:\/\/www.kamas.at\/hr\/produkt-kategorie\/higijenska-kozmetika\/\"><img loading=\"lazy\" decoding=\"async\" src=\"https:\/\/www.kamas.at\/wp-content\/uploads\/2022\/12\/hygiene-420x420.jpg\" alt=\"Higijenska-Kozmetika\" width=\"420\" height=\"420\" srcset=\"https:\/\/www.kamas.at\/wp-content\/uploads\/2022\/12\/hygiene-420x420.jpg 420w, https:\/\/www.kamas.at\/wp-content\/uploads\/2022\/12\/hygiene-100x100.jpg 100w, https:\/\/www.kamas.at\/wp-content\/uploads\/2022\/12\/hygiene-150x150.jpg 150w\" sizes=\"auto, (max-width: 420px) 100vw, 420px\" \/>\t\t<h2 class=\"woocommerce-loop-category__title\">\n\t\t\tHigijenska-Kozmetika <mark class=\"count\">(9)<\/mark>\t\t<\/h2>\n\t\t<\/a><\/li>\n<li class=\"product-category product first\">\n\t<a aria-label=\"Posjetite kategoriju proizvoda Neu Produkte\" href=\"https:\/\/www.kamas.at\/hr\/produkt-kategorie\/neu-produkte-hr\/\"><img loading=\"lazy\" decoding=\"async\" src=\"https:\/\/www.kamas.at\/wp-content\/uploads\/woocommerce-placeholder-420x420.png\" alt=\"Neu Produkte\" width=\"420\" height=\"420\" \/>\t\t<h2 class=\"woocommerce-loop-category__title\">\n\t\t\tNeu Produkte <mark class=\"count\">(9)<\/mark>\t\t<\/h2>\n\t\t<\/a><\/li>\n<li class=\"product-category product\">\n\t<a aria-label=\"Posjetite kategoriju proizvoda SALE!!\" href=\"https:\/\/www.kamas.at\/hr\/produkt-kategorie\/sale-hr\/\"><img loading=\"lazy\" decoding=\"async\" src=\"https:\/\/www.kamas.at\/wp-content\/uploads\/woocommerce-placeholder-420x420.png\" alt=\"SALE!!\" width=\"420\" height=\"420\" \/>\t\t<h2 class=\"woocommerce-loop-category__title\">\n\t\t\tSALE!! <mark class=\"count\">(10)<\/mark>\t\t<\/h2>\n\t\t<\/a><\/li>\n<li class=\"product-category product\">\n\t<a aria-label=\"Posjetite kategoriju proizvoda SET\" href=\"https:\/\/www.kamas.at\/hr\/produkt-kategorie\/set-hr\/\"><img loading=\"lazy\" decoding=\"async\" src=\"https:\/\/www.kamas.at\/wp-content\/uploads\/woocommerce-placeholder-420x420.png\" alt=\"SET\" width=\"420\" height=\"420\" \/>\t\t<h2 class=\"woocommerce-loop-category__title\">\n\t\t\tSET <mark class=\"count\">(2)<\/mark>\t\t<\/h2>\n\t\t<\/a><\/li>\n<\/ul>\n<\/div>\n\n<h2 class=\"wp-block-heading has-text-align-center\">najprodavaniji<\/h2>\n<div data-block-name=\"woocommerce\/product-best-sellers\" data-columns=\"4\" data-content-visibility=\"{&quot;image&quot;:true,&quot;title&quot;:true,&quot;price&quot;:true,&quot;rating&quot;:true,&quot;button&quot;:false}\" data-rows=\"1\" class=\"wc-block-grid wp-block-product-best-sellers wp-block-woocommerce-product-best-sellers wc-block-product-best-sellers has-4-columns\"><ul class=\"wc-block-grid__products\"><li class=\"wc-block-grid__product product-grid \">\n\t\t\t\t<div class=\"loop-image-wrap botiga-add-to-cart-button-layout1\">\n\t\t\t\t\t<a href=\"https:\/\/www.kamas.at\/en\/produkt\/wild-immortelle\/\" class=\"wc-block-grid__product-link\" title=\"Dodaj u ko\u0161aricu\">\n\t\t\t\t\t\t<div class=\"wc-block-grid__product-image\"><img loading=\"lazy\" decoding=\"async\" width=\"420\" height=\"420\" src=\"https:\/\/www.kamas.at\/wp-content\/uploads\/2023\/01\/IMG_0161-420x420.jpg\" class=\"attachment-woocommerce_thumbnail size-woocommerce_thumbnail\" alt=\"Wild Immortelle Tea\" srcset=\"https:\/\/www.kamas.at\/wp-content\/uploads\/2023\/01\/IMG_0161-420x420.jpg 420w, https:\/\/www.kamas.at\/wp-content\/uploads\/2023\/01\/IMG_0161-100x100.jpg 100w, https:\/\/www.kamas.at\/wp-content\/uploads\/2023\/01\/IMG_0161-150x150.jpg 150w\" sizes=\"auto, (max-width: 420px) 100vw, 420px\" \/><\/div>\n\t\t\t\t\t<\/a><\/div><a href=\"https:\/\/www.kamas.at\/en\/produkt\/wild-immortelle\/\" class=\"wc-block-grid__product-link\">\n\t\t\t\t\t<div class=\"wc-block-grid__product-title\">Wild Immortelle Tea<\/div>\n\t\t\t\t<\/a><div class=\"wc-block-grid__product-price price\"><span class=\"woocommerce-Price-amount amount\"><span class=\"woocommerce-Price-currencySymbol\">&euro;<\/span>&nbsp;7,00<\/span><\/div><\/li><li class=\"wc-block-grid__product product-grid \">\n\t\t\t\t<div class=\"loop-image-wrap botiga-add-to-cart-button-layout1\">\n\t\t\t\t\t<a href=\"https:\/\/www.kamas.at\/en\/produkt\/prsut\/\" class=\"wc-block-grid__product-link\" title=\"Odaberi opcije\">\n\t\t\t\t\t\t<div class=\"wc-block-grid__product-image\"><img loading=\"lazy\" decoding=\"async\" width=\"420\" height=\"420\" src=\"https:\/\/www.kamas.at\/wp-content\/uploads\/2023\/02\/5-1-420x420.jpg\" class=\"attachment-woocommerce_thumbnail size-woocommerce_thumbnail\" alt=\"Prsut\" srcset=\"https:\/\/www.kamas.at\/wp-content\/uploads\/2023\/02\/5-1-420x420.jpg 420w, https:\/\/www.kamas.at\/wp-content\/uploads\/2023\/02\/5-1-100x100.jpg 100w, https:\/\/www.kamas.at\/wp-content\/uploads\/2023\/02\/5-1-150x150.jpg 150w\" sizes=\"auto, (max-width: 420px) 100vw, 420px\" \/><\/div>\n\t\t\t\t\t<\/a><\/div><a href=\"https:\/\/www.kamas.at\/en\/produkt\/prsut\/\" class=\"wc-block-grid__product-link\">\n\t\t\t\t\t<div class=\"wc-block-grid__product-title\">Prsut<\/div>\n\t\t\t\t<\/a><div class=\"wc-block-grid__product-price price\"><span class=\"woocommerce-Price-amount amount\" aria-hidden=\"true\"><span class=\"woocommerce-Price-currencySymbol\">&euro;<\/span>&nbsp;15,00<\/span> <span aria-hidden=\"true\">\u2013<\/span> <span class=\"woocommerce-Price-amount amount\" aria-hidden=\"true\"><span class=\"woocommerce-Price-currencySymbol\">&euro;<\/span>&nbsp;270,00<\/span><span class=\"screen-reader-text\">Raspon cijena: od &euro;&nbsp;15,00 do &euro;&nbsp;270,00<\/span><\/div><\/li><li class=\"wc-block-grid__product product-grid \">\n\t\t\t\t<div class=\"loop-image-wrap botiga-add-to-cart-button-layout1\">\n\t\t\t\t\t<a href=\"https:\/\/www.kamas.at\/en\/produkt\/wild-hagebutte\/\" class=\"wc-block-grid__product-link\" title=\"Pro\u010ditaj vi\u0161e\">\n\t\t\t\t\t\t<div class=\"wc-block-grid__product-image\"><img loading=\"lazy\" decoding=\"async\" width=\"420\" height=\"420\" src=\"https:\/\/www.kamas.at\/wp-content\/uploads\/2023\/01\/IMG_0162-420x420.jpg\" class=\"attachment-woocommerce_thumbnail size-woocommerce_thumbnail\" alt=\"Wild rosehip tea\" srcset=\"https:\/\/www.kamas.at\/wp-content\/uploads\/2023\/01\/IMG_0162-420x420.jpg 420w, https:\/\/www.kamas.at\/wp-content\/uploads\/2023\/01\/IMG_0162-100x100.jpg 100w, https:\/\/www.kamas.at\/wp-content\/uploads\/2023\/01\/IMG_0162-150x150.jpg 150w\" sizes=\"auto, (max-width: 420px) 100vw, 420px\" \/><\/div>\n\t\t\t\t\t<\/a><\/div><a href=\"https:\/\/www.kamas.at\/en\/produkt\/wild-hagebutte\/\" class=\"wc-block-grid__product-link\">\n\t\t\t\t\t<div class=\"wc-block-grid__product-title\">Wild rosehip tea<\/div>\n\t\t\t\t<\/a><div class=\"wc-block-grid__product-price price\"><span class=\"woocommerce-Price-amount amount\"><span class=\"woocommerce-Price-currencySymbol\">&euro;<\/span>&nbsp;7,00<\/span><\/div><\/li><li class=\"wc-block-grid__product product-grid \">\n\t\t\t\t<div class=\"loop-image-wrap botiga-add-to-cart-button-layout1\">\n\t\t\t\t\t<a href=\"https:\/\/www.kamas.at\/en\/produkt\/yarrow\/\" class=\"wc-block-grid__product-link\" title=\"Dodaj u ko\u0161aricu\">\n\t\t\t\t\t\t<div class=\"wc-block-grid__product-image\"><img loading=\"lazy\" decoding=\"async\" width=\"420\" height=\"420\" src=\"https:\/\/www.kamas.at\/wp-content\/uploads\/2023\/01\/IMG_0164-420x420.jpg\" class=\"attachment-woocommerce_thumbnail size-woocommerce_thumbnail\" alt=\"Yarrow tea\" srcset=\"https:\/\/www.kamas.at\/wp-content\/uploads\/2023\/01\/IMG_0164-420x420.jpg 420w, https:\/\/www.kamas.at\/wp-content\/uploads\/2023\/01\/IMG_0164-100x100.jpg 100w, https:\/\/www.kamas.at\/wp-content\/uploads\/2023\/01\/IMG_0164-150x150.jpg 150w\" sizes=\"auto, (max-width: 420px) 100vw, 420px\" \/><\/div>\n\t\t\t\t\t<\/a><\/div><a href=\"https:\/\/www.kamas.at\/en\/produkt\/yarrow\/\" class=\"wc-block-grid__product-link\">\n\t\t\t\t\t<div class=\"wc-block-grid__product-title\">Yarrow tea<\/div>\n\t\t\t\t<\/a><div class=\"wc-block-grid__product-price price\"><span class=\"woocommerce-Price-amount amount\"><span class=\"woocommerce-Price-currencySymbol\">&euro;<\/span>&nbsp;7,00<\/span><\/div><\/li><\/ul><\/div>","protected":false},"excerpt":{"rendered":"<p>HRVATSKI PRIRODNI PROIZVODI ZDRAVLJE I SNAGA | WELLNESS &amp; LJEPOTA | HRANA &amp; U\u017dIVANJE Tko je KaMas? Katja i Maria Papi\u0107. Majka i k\u0107i dijele ljubav prema bogatoj prirodi Hrvatske. [&hellip;]<\/p>\n","protected":false},"author":6,"featured_media":279,"parent":0,"menu_order":0,"comment_status":"closed","ping_status":"closed","template":"template-fullwidth.php","meta":{"_acf_changed":false,"footnotes":""},"class_list":["post-331","page","type-page","status-publish","has-post-thumbnail","hentry"],"acf":[],"jetpack_sharing_enabled":true,"_links":{"self":[{"href":"https:\/\/www.kamas.at\/hr\/wp-json\/wp\/v2\/pages\/331","targetHints":{"allow":["GET"]}}],"collection":[{"href":"https:\/\/www.kamas.at\/hr\/wp-json\/wp\/v2\/pages"}],"about":[{"href":"https:\/\/www.kamas.at\/hr\/wp-json\/wp\/v2\/types\/page"}],"author":[{"embeddable":true,"href":"https:\/\/www.kamas.at\/hr\/wp-json\/wp\/v2\/users\/6"}],"replies":[{"embeddable":true,"href":"https:\/\/www.kamas.at\/hr\/wp-json\/wp\/v2\/comments?post=331"}],"version-history":[{"count":6,"href":"https:\/\/www.kamas.at\/hr\/wp-json\/wp\/v2\/pages\/331\/revisions"}],"predecessor-version":[{"id":1124,"href":"https:\/\/www.kamas.at\/hr\/wp-json\/wp\/v2\/pages\/331\/revisions\/1124"}],"wp:featuredmedia":[{"embeddable":true,"href":"https:\/\/www.kamas.at\/hr\/wp-json\/wp\/v2\/media\/279"}],"wp:attachment":[{"href":"https:\/\/www.kamas.at\/hr\/wp-json\/wp\/v2\/media?parent=331"}],"curies":[{"name":"wp","href":"https:\/\/api.w.org\/{rel}","templated":true}]}}