{"id":1014,"date":"2023-01-19T12:22:16","date_gmt":"2023-01-19T12:22:16","guid":{"rendered":"https:\/\/www.kamas.at\/produkt\/caj-od-stolisnika\/"},"modified":"2023-01-19T12:22:16","modified_gmt":"2023-01-19T12:22:16","slug":"stolisnik","status":"publish","type":"product","link":"https:\/\/www.kamas.at\/hr\/produkt\/stolisnik\/","title":{"rendered":"\u010daj od stolisnika"},"content":{"rendered":"<p>Hajdu\u010dka trava je vrlo korisna i cijenjena biljka, jer ima \u0161irok spektar djelovanja i \u010desta je komponenta raznih fitofarmaceutskih proizvoda. Hajdu\u010dka trava ili stolisnik pro\u010di\u0161\u0107ava i ja\u010da krv i probavne organe. Posebno je koristan za prevenciju bolesti jetre, slezene, gu\u0161tera\u010de, \u017eutice, katara u crijevima i \u017eelucu, kao i kod gr\u010deva, povi\u0161ene temperature, lupanja srca, bolova u kri\u017eima i le\u0111ima, neredovitih menstruacija, bolnih hemoroida, nesanice, razni osipi i \u010direvi.<\/p>\n<p>Blagotvorno djeluje \u010daj od stolisnika, sprje\u010dava ispucale ruke, osipe &#8211; psorijazu. Kod psorijaze, osim obloga, potrebno je provoditi kure za \u010di\u0161\u0107enje krvi. Koristi se i kao \u010daj za anginu pektoris. Ako imate problema sa \u017eivcima, savjetuje se \u010de\u0161\u0107e pranje cijelog tijela ohla\u0111enim \u010dajem od stolisnika ujutro i nave\u010der. Tople kupke od stolisnika i kamilice ubla\u017eavaju \u017eiv\u010dane probleme.<\/p>\n<p>Ubla\u017eava simptome gihta i reumatizma. Blagotvorno djeluje kod pojave dijabeti\u010dkih tegoba, osobito u ranoj fazi. Koristan je i kod prekomjernog krvarenja.<\/p>\n<p>Gospina trava je jedna od ljekovitih tvari koje svojim gorkim okusom djeluju na \u017eelu\u010danu sluznicu te tako poti\u010du izlu\u010divanje \u017eelu\u010danog soka, a time i apetit.<\/p>\n<p>Povoljno djeluje na unos hrane. Kod gastritisa, kolitisa, gr\u010deva \u017eeluca i crijeva poma\u017eu ljekoviti pripravci u kojima je u \u010dajnoj mje\u0161avini zastupljena trava stolisnik.<\/p>\n<p>Kalij, koji se nalazi u stolisniku, potpoma\u017ee rad bubrega i krvotok te tako posredno utje\u010de na rad srca, a uspje\u0161no se koristi i kod \u017eenskih bolesti. Ne stvara ovisnost i mo\u017ee se koristiti svakodnevno za ja\u010danje CNS-a.<\/p>\n<p>Zbog ovih svojstava, posebno je pokazao pobolj\u0161anja u stanjima ovisnosti o alkoholu ili pu\u0161enju.<\/p>\n<p>\u010cajevi od stolisnika pobolj\u0161avaju i stimuliraju imunolo\u0161ki sustav u borbi protiv crijevnih infekcija.<\/p>\n<p>Osu\u0161ena biljka je aromati\u010dnog mirisa i gorko-aromati\u010dnog okusa zbog prisutnosti gorkih tvari koje pripadaju seskviterpenskim laktonima, kao \u0161to je ahilicin. Osim gorkih tvari, biljka je bogata eteri\u010dnim uljem (cca. 1%), vitaminom K, taninima i organskim kiselinama.<\/p>\n<p>Neka istra\u017eivanja su dokazala da stolisnik ima protuupalno, antispazmodi\u010dko, antimikrobno, antialergijsko i ljekovito djelovanje.<br \/>\nBiljka hajdu\u010dica sadr\u017ei flavonoide, eteri\u010dno ulje (sa najmanje 0,02% proazulena), alkaloide, germakranolide, poliacetilene, triterpene, sterole, cijanogene glikozide, organske kiseline i \u0161e\u0107ere. Novija istra\u017eivanja pokazala su da njegov alkoholni ekstrakt djeluje repelentno<\/p>\n<p>Osim toga, stolisnik je izuzetno bogat taninima, organskim kiselinama, gorkim tvarima koje mu daju gorko-aromati\u010dni okus, vitaminima K i C, smolom, mineralima kalija i natrija&#8230;<\/p>\n<p>Sastavni je dio velikog broja \u010dajnih mje\u0161avina raznih mirisnih, gorkih i ljutih trava. Spektar djelovanja je izuzetno \u0161irok, sve do posipanja i previjanja rana finim prahom dobro osu\u0161ene i samljevene biljke. Tu dolazi do izra\u017eaja u\u010dinak azulena i tanina.<\/p>\n<p>Slu\u017ebena medicina je dokazala da ekstrakt lista usporava razvoj uzro\u010dnika bolesti, jer tanini i eteri\u010dna ulja sprje\u010davaju gnojenje rana te doprinose br\u017eem zacjeljivanju i ubla\u017eavanju bolova.<\/p>\n<p>U narodnoj medicini hajdu\u010dka trava zauzima posebno mjesto u lije\u010denju neredovitih i neredovitih menstruacija kod mladih \u017eena, osloba\u0111anju od valunga i drugih neugodnih simptoma u jeku, ali i kasnije, kada \u017eene u\u0111u u pozne godine. Samo jedna \u0161alica \u010daja dnevno od svje\u017ee ubranog komora\u010da na jakom suncu dovoljna je za ubla\u017eavanje ili uklanjanje simptoma koji mu\u010de zna\u010dajan broj pripadnica nje\u017enijeg spola.<\/p>\n<p>Pobornici narodne medicine tvrde da je uspje\u0161na i u lije\u010denju bijelog rublja, upale jajnika, bolesti maternice i pojave mioma. Za sve navedene tegobe i bolove u rukama i nogama preporu\u010damo kupke od trave komora\u010da. Umak se pravi tako da se 100 grama cijele biljke stolisnika stavi u litru hladne vode i ostavi preko no\u0107i. Sljede\u0107eg dana voda se zagrije do vrenja i doda u vodu za kupanje.<\/p>\n","protected":false},"excerpt":{"rendered":"<p>Hajdu\u010dka trava je vrlo korisna i cijenjena biljka, jer ima \u0161irok spektar djelovanja i \u010desta je komponenta raznih fitofarmaceutskih proizvoda. Hajdu\u010dka trava ili stolisnik pro\u010di\u0161\u0107ava i ja\u010da krv i probavne [&hellip;]<\/p>\n","protected":false},"featured_media":862,"comment_status":"open","ping_status":"closed","template":"","meta":{"_acf_changed":false},"product_brand":[],"product_cat":[53],"product_tag":[],"class_list":{"0":"post-1014","1":"product","2":"type-product","3":"status-publish","4":"has-post-thumbnail","6":"product_cat-caj","8":"first","9":"instock","10":"taxable","11":"shipping-taxable","12":"purchasable","13":"product-type-simple"},"acf":[],"jetpack_sharing_enabled":true,"_links":{"self":[{"href":"https:\/\/www.kamas.at\/hr\/wp-json\/wp\/v2\/product\/1014","targetHints":{"allow":["GET"]}}],"collection":[{"href":"https:\/\/www.kamas.at\/hr\/wp-json\/wp\/v2\/product"}],"about":[{"href":"https:\/\/www.kamas.at\/hr\/wp-json\/wp\/v2\/types\/product"}],"replies":[{"embeddable":true,"href":"https:\/\/www.kamas.at\/hr\/wp-json\/wp\/v2\/comments?post=1014"}],"wp:featuredmedia":[{"embeddable":true,"href":"https:\/\/www.kamas.at\/hr\/wp-json\/wp\/v2\/media\/862"}],"wp:attachment":[{"href":"https:\/\/www.kamas.at\/hr\/wp-json\/wp\/v2\/media?parent=1014"}],"wp:term":[{"taxonomy":"product_brand","embeddable":true,"href":"https:\/\/www.kamas.at\/hr\/wp-json\/wp\/v2\/product_brand?post=1014"},{"taxonomy":"product_cat","embeddable":true,"href":"https:\/\/www.kamas.at\/hr\/wp-json\/wp\/v2\/product_cat?post=1014"},{"taxonomy":"product_tag","embeddable":true,"href":"https:\/\/www.kamas.at\/hr\/wp-json\/wp\/v2\/product_tag?post=1014"}],"curies":[{"name":"wp","href":"https:\/\/api.w.org\/{rel}","templated":true}]}}