{"id":1024,"date":"2023-01-19T12:24:15","date_gmt":"2023-01-19T12:24:15","guid":{"rendered":"https:\/\/www.kamas.at\/produkt\/caj-od-divljeg-smilja\/"},"modified":"2024-10-31T06:21:16","modified_gmt":"2024-10-31T06:21:16","slug":"divlje-smilje","status":"publish","type":"product","link":"https:\/\/www.kamas.at\/hr\/produkt\/divlje-smilje\/","title":{"rendered":"\u010caj od divljeg smilja"},"content":{"rendered":"<p>Kemijski sastav i ljekovitost smilja<br \/>\nCvjetne glavice smilja uglavnom se koriste nakon \u0161to otvore svoje aromati\u010dne cvjetove. Od njih se rade tinkture, masti, \u010dajevi i napitci koji se koriste za lije\u010denje odre\u0111enih patolo\u0161kih stanja u organizmu. Zahvaljuju\u0107i specifi\u010dnom kemijskom sastavu smilje se mo\u017ee lije\u010diti od raznih bolesti, ali i preventivno. U svom kemijskom sastavu smilje sadr\u017ei i eteri\u010dna ulja, i to ne veliki postotak, odnosno vrlo malu koli\u010dinu, oko 0,05 posto, pa je iz tih razloga za ekstrakciju eteri\u010dnog ulja potrebna velika koli\u010dina suhog cvijeta, oko tona svakog. komad litre. Ovaj postotak mo\u017ee malo varirati i ovisi o samoj biljci i njenom rastu i razvoju, uvjetima u kojima biljka uspijeva itd.<\/p>\n<p>Smilje tako\u0111er sadr\u017ei:<\/p>\n<p>Flavonoidi Flavonoidi su glavni biljni pigmenti odgovorni za boju cvije\u0107a. U prijevodu flavonoidi zna\u010de \u017euto-\u017euti. Nalaze se u velikim koli\u010dinama u helichrysumu i poznati su po svojim protuupalnim i antioksidativnim svojstvima, \u0161to ih \u010dini izuzetno korisnim za na\u0161e tijelo. U prirodi postoji vi\u0161e od 6000 vrsta, a svaki flavanoid je va\u017ean i ljekovit. Imaju pozitivan u\u010dinak na organizam, a unose se \u010dajevima, eteri\u010dnim uljima ili konzumiranjem svje\u017eih biljaka. Ima ih i u vo\u0107u i povr\u0107u.<br \/>\nFlavon &#8211; Smilje sadr\u017ei flavon koji mo\u017ee imati va\u017enu ulogu u otklanjanju neugodnih stanja u organizmu kao \u0161to su: B.: Osje\u0107aj umora i iscrpljenosti, nagle promjene raspolo\u017eenja razli\u010ditih uzroka, lo\u0161 san ili nesanica, stres i nervoza itd.<br \/>\nApigenin je vrsta flavonoida koji se tako\u0111er nalazi u biljkama, to\u010dnije u smilju. To je \u010dvrsta kristalna \u017euta masa koja ima ljekovita svojstva i poma\u017ee u rje\u0161avanju mnogih zdravstvenih problema. Utje\u010du na \u010di\u0161\u0107enje organizma, \u017eu\u010di, bubrega i mjehura. Vjeruje se da apigenin djeluje protiv raka.<br \/>\nKumarin Kumarin je kemijski spoj odgovoran za opojan miris biljaka. U smilju ga ima u visokim koncentracijama. Zbog toga smilje ima specifi\u010dan, jak i postojan miris koji se ne gubi ni tijekom su\u0161enja i isu\u0161ivanja biljke. U farmakologiji se od kumarina izra\u0111uju antikoagulansi i masti koje se koriste za smanjenje oteklina i oteklina. Kumarin djeluje i na apetit jer je gorak i stimulira \u017eeludac.<br \/>\nRazne organske smole i kiseline<br \/>\nHlapljivo ulje<br \/>\nSitosterol \u2013 Spada u skupinu biljnih sterola sli\u010dnih kolesterolu. U prirodnoj medicini koristi se za lije\u010denje bolesti poput povi\u0161enog kolesterola i masno\u0107a u krvi. Zatim u lije\u010denju i prevenciji odre\u0111enih upalnih procesa u organizmu, kod problema benignog pove\u0107anja prostate, kao potpora u lije\u010denju pojedinih autoimunih bolesti itd&#8230;<br \/>\nVitamini K, A, B, C i D<br \/>\ntanini<br \/>\nAlakolidi<br \/>\nSmilje kao pomo\u0107 u lije\u010denju<br \/>\nTu iznimno va\u017enu ulogu otkrili su i stari Grci, koji su smiljem koristili za vid rana i ozljeda, ugriza, opeklina i raznih ko\u017enih bolesti. Zbog toga se smilje od davnina koristi za izradu masti za rane, koje se u kombinaciji s nevenom dosta koriste za lije\u010denje ko\u017ee i sluznica. Razne vrste o\u017eiljaka i starih ozljeda uspje\u0161no se uklanjaju utrljavanjem masti ili eteri\u010dnog ulja smilja. Na isti na\u010din mogu se lije\u010diti i strije, pro\u0161irene vene, hematomi, popucali kapilari. Ko\u017ene bolesti poput psorijaze, ekcema, uboda insekata i opeklina. Iz tih razloga smilje ima veliki zna\u010daj u suvremenoj kozmetologiji jer se od njega izra\u0111uju kreme protiv bora i stara\u010dkih pjega.<\/p>\n<p>Smilje poti\u010de probavu. Poti\u010de rad \u017eeluca i crijeva. Ubrzava metabolizam i probavu. \u010cisti organizam i poma\u017ee u uklanjanju kamenaca iz \u017eu\u010dnog mjehura, bubrega i mjehura.<\/p>\n<p>Smilje sni\u017eava povi\u0161enu razinu masno\u0107a u krvi. Sa smiljem uspijevate odr\u017eavati lipidni status unutar propisanih granica. Tako\u0111er sni\u017eava tlak i ubla\u017eava uobi\u010dajene migrenske glavobolje.<\/p>\n<p>Smilje se koristi za lije\u010denje upornog ka\u0161lja, astme, bronhitisa i raznih alergija. Tako\u0111er \u010disti plu\u0107a i ja\u010da imunitet. Smilje poma\u017ee boljem snu, smiruje i opu\u0161ta, regenerira organizam i osvje\u017eava, pa se \u010daj mo\u017ee piti i preventivno, a ne samo kod navedenih bolesti.<\/p>\n","protected":false},"excerpt":{"rendered":"<p>Kemijski sastav i ljekovitost smilja Cvjetne glavice smilja uglavnom se koriste nakon \u0161to otvore svoje aromati\u010dne cvjetove. Od njih se rade tinkture, masti, \u010dajevi i napitci koji se koriste za [&hellip;]<\/p>\n","protected":false},"featured_media":845,"comment_status":"open","ping_status":"closed","template":"","meta":{"_acf_changed":false},"product_brand":[],"product_cat":[53],"product_tag":[],"class_list":{"0":"post-1024","1":"product","2":"type-product","3":"status-publish","4":"has-post-thumbnail","6":"product_cat-caj","8":"first","9":"instock","10":"taxable","11":"shipping-taxable","12":"purchasable","13":"product-type-simple"},"acf":[],"jetpack_sharing_enabled":true,"_links":{"self":[{"href":"https:\/\/www.kamas.at\/hr\/wp-json\/wp\/v2\/product\/1024","targetHints":{"allow":["GET"]}}],"collection":[{"href":"https:\/\/www.kamas.at\/hr\/wp-json\/wp\/v2\/product"}],"about":[{"href":"https:\/\/www.kamas.at\/hr\/wp-json\/wp\/v2\/types\/product"}],"replies":[{"embeddable":true,"href":"https:\/\/www.kamas.at\/hr\/wp-json\/wp\/v2\/comments?post=1024"}],"wp:featuredmedia":[{"embeddable":true,"href":"https:\/\/www.kamas.at\/hr\/wp-json\/wp\/v2\/media\/845"}],"wp:attachment":[{"href":"https:\/\/www.kamas.at\/hr\/wp-json\/wp\/v2\/media?parent=1024"}],"wp:term":[{"taxonomy":"product_brand","embeddable":true,"href":"https:\/\/www.kamas.at\/hr\/wp-json\/wp\/v2\/product_brand?post=1024"},{"taxonomy":"product_cat","embeddable":true,"href":"https:\/\/www.kamas.at\/hr\/wp-json\/wp\/v2\/product_cat?post=1024"},{"taxonomy":"product_tag","embeddable":true,"href":"https:\/\/www.kamas.at\/hr\/wp-json\/wp\/v2\/product_tag?post=1024"}],"curies":[{"name":"wp","href":"https:\/\/api.w.org\/{rel}","templated":true}]}}