{"id":1038,"date":"2023-01-19T12:22:49","date_gmt":"2023-01-19T12:22:49","guid":{"rendered":"https:\/\/www.kamas.at\/produkt\/caj-od-divlje-kadulje\/"},"modified":"2023-01-19T12:22:49","modified_gmt":"2023-01-19T12:22:49","slug":"divlja-kadulja","status":"publish","type":"product","link":"https:\/\/www.kamas.at\/hr\/produkt\/divlja-kadulja\/","title":{"rendered":"\u010caj od divlje kadulje"},"content":{"rendered":"<p>Najljekovitija biljka na svijetu: kadulja<\/p>\n<p>Kadulja je jedna od najljekovitijih biljaka na na\u0161em planetu.<\/p>\n<p>Njegovo latinsko ime &#8211; Salvia officinalis &#8211; dolazi od rije\u010di salvare, \u0161to zna\u010di spasiti ili lije\u010diti.<\/p>\n<p>U grobnicama faraona ova je biljka bila glavni sastojak smjese za balzamiranje.<\/p>\n<p>Gr\u010dki lije\u010dnik Dioskurid koristio ga je za lije\u010denje mnogih bolesti kao \u0161to su krvarenje, groznica, mokra\u0107ni kamenci i neredovite menstruacije.<\/p>\n<p>U vrijeme Karla Velikog kadulja se sadila u svakom vrtu i smatrana je najljekovitijom biljkom.<\/p>\n<p>Koristila se za lije\u010denje gotovo svih bolesti, zbog \u010dega je dobila status svete biljke.<\/p>\n<p>Ljekovita svojstva kadulje<\/p>\n<p>Kadulja je svakako jedna od biljaka koju bi svatko trebao imati u svom ormari\u0107u s lijekovima.<\/p>\n<p>Djeluje antibakterijski i antigljivi\u010dno. Smiruje, osvje\u017eava i okrepljuje, poma\u017ee protiv bolova i groznice.<\/p>\n<p>Kadulja je izvrstan lijek za pro\u010di\u0161\u0107avanje krvi i izbacivanje sluzi iz organizma. Ja\u010da krvo\u017eilni sustav, poti\u010de cirkulaciju krvi, suzbija krvarenja i upale.<\/p>\n<p>Istra\u017eivanja su pokazala da kadulja mo\u017ee sniziti razinu \u0161e\u0107era u krvi, \u0161to je \u010dini korisnom za dijabetes.<\/p>\n<p>Nedavno je dokazano da kadulja pobolj\u0161ava pam\u0107enje i bori se protiv Alzheimerove bolesti.<\/p>\n<p>Zbog sna\u017enog antisepti\u010dkog djelovanja koristi se u lije\u010denju afti, neugodnog zadaha, problema s grlom i krajnicima, karijesa i gnojenja zubnog mesa. Ako imate takvih problema grgljajte \u010dajem od kadulje.<\/p>\n<p>Kadulja je divna biljka koja&#8230;<\/p>\n<p>djeluje antibakterijski, antigljivi\u010dno i antisepti\u010dki<\/p>\n<p>pro\u010di\u0161\u0107ava krv<\/p>\n<p>ubla\u017eava depresiju i stres<\/p>\n<p>sni\u017eava temperaturu i djeluje protiv bolova<\/p>\n<p>sni\u017eava razinu \u0161e\u0107era u krvi<\/p>\n<p>poma\u017ee kod krvarenja i upala<\/p>\n<p>regulira rad crijeva i \u017eeluca<\/p>\n<p>poma\u017ee kod migrena i reumatizma<\/p>\n<p>Kadulja je u\u010dinkovita protiv u\u010destalog povra\u0107anja i proljeva te bolje od bilo koje druge biljke potpoma\u017ee rad crijeva i \u017eeluca.<\/p>\n<p>Pozitivno djeluje na \u017eenske tegobe. Pobolj\u0161ava tonus rodnice, djeluje antifungalno, poma\u017ee u regulaciji menstruacije, uspostavlja hormonsku ravnote\u017eu i sprje\u010dava simptome menopauze.<\/p>\n<p>Kadulja podr\u017eava rad bubrega i sprje\u010dava edeme.<\/p>\n<p>Ova biljka ima svoje mjesto i u kozmetici, pa je odli\u010dno sredstvo za potamnjivanje kose i prikrivanje sijedih vlasi.<\/p>\n","protected":false},"excerpt":{"rendered":"<p>Najljekovitija biljka na svijetu: kadulja Kadulja je jedna od najljekovitijih biljaka na na\u0161em planetu. Njegovo latinsko ime &#8211; Salvia officinalis &#8211; dolazi od rije\u010di salvare, \u0161to zna\u010di spasiti ili lije\u010diti. [&hellip;]<\/p>\n","protected":false},"featured_media":859,"comment_status":"open","ping_status":"closed","template":"","meta":{"_acf_changed":false},"product_brand":[],"product_cat":[53],"product_tag":[],"class_list":{"0":"post-1038","1":"product","2":"type-product","3":"status-publish","4":"has-post-thumbnail","6":"product_cat-caj","8":"first","9":"instock","10":"taxable","11":"shipping-taxable","12":"purchasable","13":"product-type-simple"},"acf":[],"jetpack_sharing_enabled":true,"_links":{"self":[{"href":"https:\/\/www.kamas.at\/hr\/wp-json\/wp\/v2\/product\/1038","targetHints":{"allow":["GET"]}}],"collection":[{"href":"https:\/\/www.kamas.at\/hr\/wp-json\/wp\/v2\/product"}],"about":[{"href":"https:\/\/www.kamas.at\/hr\/wp-json\/wp\/v2\/types\/product"}],"replies":[{"embeddable":true,"href":"https:\/\/www.kamas.at\/hr\/wp-json\/wp\/v2\/comments?post=1038"}],"wp:featuredmedia":[{"embeddable":true,"href":"https:\/\/www.kamas.at\/hr\/wp-json\/wp\/v2\/media\/859"}],"wp:attachment":[{"href":"https:\/\/www.kamas.at\/hr\/wp-json\/wp\/v2\/media?parent=1038"}],"wp:term":[{"taxonomy":"product_brand","embeddable":true,"href":"https:\/\/www.kamas.at\/hr\/wp-json\/wp\/v2\/product_brand?post=1038"},{"taxonomy":"product_cat","embeddable":true,"href":"https:\/\/www.kamas.at\/hr\/wp-json\/wp\/v2\/product_cat?post=1038"},{"taxonomy":"product_tag","embeddable":true,"href":"https:\/\/www.kamas.at\/hr\/wp-json\/wp\/v2\/product_tag?post=1038"}],"curies":[{"name":"wp","href":"https:\/\/api.w.org\/{rel}","templated":true}]}}