{"id":1043,"date":"2023-01-19T12:25:11","date_gmt":"2023-01-19T12:25:11","guid":{"rendered":"https:\/\/www.kamas.at\/produkt\/caj-od-divljeg-sipka\/"},"modified":"2023-01-19T12:25:11","modified_gmt":"2023-01-19T12:25:11","slug":"divlji-sipak","status":"publish","type":"product","link":"https:\/\/www.kamas.at\/hr\/produkt\/divlji-sipak\/","title":{"rendered":"\u010caj od divljeg \u0161ipka"},"content":{"rendered":"<p>\u0160ipak je ljekovit jer sadr\u017ei L-askorbinsku kiselinu koja je jedan od sastojaka vitamina C. Na 100 g ima 1700-2000 mg vitamina C. Tako\u0111er je bogata vitaminima A, B1, B2, D, E, K, P, \u017eeljezom, magnezijem, manganom, natrijem, fosforom, sumporom, pektinima, taninima, \u0161e\u0107erom, Vo\u0107ne kiseline, mineralne soli, flavonoidi, karotenoidi itd. Znanstvena istra\u017eivanja su pokazala da se vitamin C kuhanjem nara ne gubi, ve\u0107 se njegova koli\u010dina pove\u0107ava. Smanjuje se tek nakon \u0161est mjeseci. Ovaj \u010daj nije samo ljekovit, ve\u0107 ima i ugodan okus i miris. Stoga je dobar za: lije\u010denje prehlade i ja\u010danje imunolo\u0161kog sustava; lije\u010denje hemoroida i gr\u010deva u \u017eelucu; Lije\u010denje proljeva jer djeluje laksativno i smiruje nadra\u017eenu crijevnu sluznicu; izlu\u010divanje vi\u0161ka teku\u0107ine, jer ima diureti\u010dka svojstva; Borba protiv bakterija i infekcija; otklanjanje umora, malaksalosti i anemije; pro\u010di\u0161\u0107avanje krvi; sprje\u010davanje stvaranja pijeska u bubrezima i urinarnom traktu; \u010di\u0161\u0107enje bubrega i urinarnog trakta od toksina; Sni\u017eava razinu kolesterola jer je bogat pektinom koji regulira probavu; poma\u017ee pri mr\u0161avljenju jer stvara osje\u0107aj sitosti i razgra\u0111uje masno\u0107e; zaustavljanje krvarenja iz \u017eeluca, crijeva i plu\u0107a; Ubla\u017eavanje boli tijekom menstrualnog ciklusa; Ubla\u017eavanje reumatskih bolova; Ubla\u017eavanje glavobolje, zubobolje, vrtoglavice i migrene; Pobolj\u0161anje raspolo\u017eenja i bu\u0111enje; pobolj\u0161ati cirkulaciju krvi; pobolj\u0161anje rada jetre, njezino pro\u010di\u0161\u0107avanje i detoksikacija; ja\u010danje probavnog trakta; briga o ko\u017ei; pomla\u0111ivanje organizma; regulacija hormona; \u010di\u0161\u0107enje di\u0161nih puteva; Potencija &#8211; ovo je \u0161iroko rasprostranjeno uvjerenje i nema znanstvenih studija koje bi to potvrdile; trudnice jer pate od zadr\u017eavanja vode; dojilje, jer vitamin C prelazi u mlijeko i \u010dini dijete zdravijim i otpornijim; za bebe, ali pod lije\u010dni\u010dkim nadzorom; Dijabeti\u010dari jer je sadr\u017eaj \u0161e\u0107era nizak.<\/p>\n","protected":false},"excerpt":{"rendered":"<p>\u0160ipak je ljekovit jer sadr\u017ei L-askorbinsku kiselinu koja je jedan od sastojaka vitamina C. Na 100 g ima 1700-2000 mg vitamina C. Tako\u0111er je bogata vitaminima A, B1, B2, D, [&hellip;]<\/p>\n","protected":false},"featured_media":848,"comment_status":"open","ping_status":"closed","template":"","meta":{"_acf_changed":false},"product_brand":[],"product_cat":[53],"product_tag":[],"class_list":{"0":"post-1043","1":"product","2":"type-product","3":"status-publish","4":"has-post-thumbnail","6":"product_cat-caj","8":"first","9":"outofstock","10":"taxable","11":"shipping-taxable","12":"purchasable","13":"product-type-simple"},"acf":[],"jetpack_sharing_enabled":true,"_links":{"self":[{"href":"https:\/\/www.kamas.at\/hr\/wp-json\/wp\/v2\/product\/1043","targetHints":{"allow":["GET"]}}],"collection":[{"href":"https:\/\/www.kamas.at\/hr\/wp-json\/wp\/v2\/product"}],"about":[{"href":"https:\/\/www.kamas.at\/hr\/wp-json\/wp\/v2\/types\/product"}],"replies":[{"embeddable":true,"href":"https:\/\/www.kamas.at\/hr\/wp-json\/wp\/v2\/comments?post=1043"}],"wp:featuredmedia":[{"embeddable":true,"href":"https:\/\/www.kamas.at\/hr\/wp-json\/wp\/v2\/media\/848"}],"wp:attachment":[{"href":"https:\/\/www.kamas.at\/hr\/wp-json\/wp\/v2\/media?parent=1043"}],"wp:term":[{"taxonomy":"product_brand","embeddable":true,"href":"https:\/\/www.kamas.at\/hr\/wp-json\/wp\/v2\/product_brand?post=1043"},{"taxonomy":"product_cat","embeddable":true,"href":"https:\/\/www.kamas.at\/hr\/wp-json\/wp\/v2\/product_cat?post=1043"},{"taxonomy":"product_tag","embeddable":true,"href":"https:\/\/www.kamas.at\/hr\/wp-json\/wp\/v2\/product_tag?post=1043"}],"curies":[{"name":"wp","href":"https:\/\/api.w.org\/{rel}","templated":true}]}}