{"id":1056,"date":"2023-01-19T12:24:47","date_gmt":"2023-01-19T12:24:47","guid":{"rendered":"https:\/\/www.kamas.at\/produkt\/caj-od-divlje-borovnice\/"},"modified":"2023-01-19T12:24:47","modified_gmt":"2023-01-19T12:24:47","slug":"divlja-borovnica","status":"publish","type":"product","link":"https:\/\/www.kamas.at\/hr\/produkt\/divlja-borovnica\/","title":{"rendered":"\u010caj od divlje borovnice"},"content":{"rendered":"<p>\u010caj se priprema od plodova, stabljika i listova borovnice koji su bogati: organskim kiselinama, vitaminima B kompleksa, vitaminom C, bakrom, \u017eeljezom, kalijem, manganom, natrijem, kromom, saponinima, taninima, karotenom, pektinom i dr. \u010caj treba piti jer je dobar za: lije\u010denje bolesti probavnog trakta; smanjuje \u0161e\u0107er u krvi; ubla\u017eava gr\u010deve u \u017eelucu; ukloniti nadutost i plinove u \u017eelucu; poma\u017ee u lije\u010denju hemoroida; regulira neredovito pra\u017enjenje crijeva; zaustavlja proljev; poti\u010de mokrenje; sprje\u010dava stvaranje mokra\u0107ne kiseline; otpu\u0161ta kamenje i pijesak iz bubrega; ja\u010da imunolo\u0161ki sustav; pobolj\u0161ava apetit; poma\u017ee u suzbijanju mu\u010dnine i povra\u0107anja; lije\u010di ka\u0161alj; \u0161titi tkiva od \u0161tetnog djelovanja slobodnih RADIKALA; usporava starenje; \u0161titi mre\u017enicu; ja\u010da krvnu sliku; \u0161titi tijelo od virusa i infekcija; sprje\u010dava dehidraciju; lije\u010di \u010direve. Osim za unutarnju upotrebu, \u010daj se koristi i za vanjsku upotrebu. Mo\u017ee se koristiti za ispiranje usta, njegu suhe i osjetljive ko\u017ee, izradu obloga i sl. Redovitim utrljavanjem u vlasi\u0161te pospje\u0161uje rast kose.<\/p>\n","protected":false},"excerpt":{"rendered":"<p>\u010caj se priprema od plodova, stabljika i listova borovnice koji su bogati: organskim kiselinama, vitaminima B kompleksa, vitaminom C, bakrom, \u017eeljezom, kalijem, manganom, natrijem, kromom, saponinima, taninima, karotenom, pektinom i [&hellip;]<\/p>\n","protected":false},"featured_media":714,"comment_status":"open","ping_status":"closed","template":"","meta":{"_acf_changed":false},"product_brand":[],"product_cat":[53],"product_tag":[],"class_list":{"0":"post-1056","1":"product","2":"type-product","3":"status-publish","4":"has-post-thumbnail","6":"product_cat-caj","8":"first","9":"outofstock","10":"taxable","11":"shipping-taxable","12":"purchasable","13":"product-type-simple"},"acf":[],"jetpack_sharing_enabled":true,"_links":{"self":[{"href":"https:\/\/www.kamas.at\/hr\/wp-json\/wp\/v2\/product\/1056","targetHints":{"allow":["GET"]}}],"collection":[{"href":"https:\/\/www.kamas.at\/hr\/wp-json\/wp\/v2\/product"}],"about":[{"href":"https:\/\/www.kamas.at\/hr\/wp-json\/wp\/v2\/types\/product"}],"replies":[{"embeddable":true,"href":"https:\/\/www.kamas.at\/hr\/wp-json\/wp\/v2\/comments?post=1056"}],"wp:featuredmedia":[{"embeddable":true,"href":"https:\/\/www.kamas.at\/hr\/wp-json\/wp\/v2\/media\/714"}],"wp:attachment":[{"href":"https:\/\/www.kamas.at\/hr\/wp-json\/wp\/v2\/media?parent=1056"}],"wp:term":[{"taxonomy":"product_brand","embeddable":true,"href":"https:\/\/www.kamas.at\/hr\/wp-json\/wp\/v2\/product_brand?post=1056"},{"taxonomy":"product_cat","embeddable":true,"href":"https:\/\/www.kamas.at\/hr\/wp-json\/wp\/v2\/product_cat?post=1056"},{"taxonomy":"product_tag","embeddable":true,"href":"https:\/\/www.kamas.at\/hr\/wp-json\/wp\/v2\/product_tag?post=1056"}],"curies":[{"name":"wp","href":"https:\/\/api.w.org\/{rel}","templated":true}]}}