{"id":1200,"date":"2023-12-06T10:04:46","date_gmt":"2023-12-06T10:04:46","guid":{"rendered":"https:\/\/www.kamas.at\/?post_type=product&#038;p=1200"},"modified":"2026-01-15T16:33:29","modified_gmt":"2026-01-15T16:33:29","slug":"haarshampoo","status":"publish","type":"product","link":"https:\/\/www.kamas.at\/hr\/produkt\/haarshampoo\/","title":{"rendered":"Naturpflege Shampoo"},"content":{"rendered":"<h2 data-start=\"146\" data-end=\"213\">\ud83c\udf3f Naturpflege Shampoo \u2013 Sanfte Reinigung &amp; nat\u00fcrliche Sch\u00f6nheit<\/h2>\n<p data-start=\"215\" data-end=\"444\">Erleben Sie die perfekte Balance aus nat\u00fcrlicher Pflege und luxuri\u00f6sem Verw\u00f6hnmoment. Unser Naturpflege Shampoo reinigt Haar und Kopfhaut besonders schonend und versorgt sie gleichzeitig mit wertvollen, pflegenden Inhaltsstoffen.<\/p>\n<p data-start=\"446\" data-end=\"763\">Die milde Formel unterst\u00fctzt die nat\u00fcrliche Balance der Kopfhaut, st\u00e4rkt die Haarstruktur und verleiht dem Haar neue Geschmeidigkeit, Glanz und Vitalit\u00e4t. Hochwertige Pflanzenextrakte und feuchtigkeitsspendende Komponenten sch\u00fctzen vor dem Austrocknen und sorgen f\u00fcr ein gesundes, gepflegtes Haargef\u00fchl \u2013 Tag f\u00fcr Tag.<\/p>\n<p data-start=\"765\" data-end=\"903\">Der dezente, nat\u00fcrliche Duft schenkt ein frisches, harmonisches Pflegeerlebnis und verwandelt jede Haarw\u00e4sche in ein entspannendes Ritual.<\/p>\n<h3 data-start=\"905\" data-end=\"941\">\u2728 Ihre Vorteile auf einen Blick:<\/h3>\n<p data-start=\"942\" data-end=\"1171\">\u2714 Sanfte Reinigung ohne Austrocknen<br data-start=\"977\" data-end=\"980\" \/>\u2714 Unterst\u00fctzt gesunde Kopfhaut<br data-start=\"1010\" data-end=\"1013\" \/>\u2714 St\u00e4rkt und pflegt die Haarstruktur<br data-start=\"1049\" data-end=\"1052\" \/>\u2714 Verleiht Glanz und Geschmeidigkeit<br data-start=\"1088\" data-end=\"1091\" \/>\u2714 F\u00fcr alle Haartypen geeignet<br data-start=\"1120\" data-end=\"1123\" \/>\u2714 Mit ausgew\u00e4hlten, nat\u00fcrlichen Inhaltsstoffen<\/p>\n<p data-start=\"1173\" data-end=\"1302\"><strong data-start=\"1173\" data-end=\"1187\">Anwendung:<\/strong><br data-start=\"1187\" data-end=\"1190\" \/>Eine kleine Menge in das feuchte Haar einmassieren, aufsch\u00e4umen und gr\u00fcndlich aussp\u00fclen. Bei Bedarf wiederholen.<\/p>\n","protected":false},"excerpt":{"rendered":"<p>\ud83c\udf3f Naturpflege Shampoo \u2013 Sanfte Reinigung &amp; nat\u00fcrliche Sch\u00f6nheit Erleben Sie die perfekte Balance aus nat\u00fcrlicher Pflege und luxuri\u00f6sem Verw\u00f6hnmoment. Unser Naturpflege Shampoo reinigt Haar und Kopfhaut besonders schonend und [&hellip;]<\/p>\n","protected":false},"featured_media":1713,"comment_status":"open","ping_status":"closed","template":"","meta":{"_acf_changed":false},"product_brand":[],"product_cat":[20,70,71],"product_tag":[],"class_list":{"0":"post-1200","1":"product","2":"type-product","3":"status-publish","4":"has-post-thumbnail","6":"product_cat-hygiene-kosmetik","7":"product_cat-neu-produkte","8":"product_cat-sale","10":"first","11":"instock","12":"sale","13":"taxable","14":"shipping-taxable","15":"purchasable","16":"product-type-variable"},"acf":[],"jetpack_sharing_enabled":true,"_links":{"self":[{"href":"https:\/\/www.kamas.at\/hr\/wp-json\/wp\/v2\/product\/1200","targetHints":{"allow":["GET"]}}],"collection":[{"href":"https:\/\/www.kamas.at\/hr\/wp-json\/wp\/v2\/product"}],"about":[{"href":"https:\/\/www.kamas.at\/hr\/wp-json\/wp\/v2\/types\/product"}],"replies":[{"embeddable":true,"href":"https:\/\/www.kamas.at\/hr\/wp-json\/wp\/v2\/comments?post=1200"}],"wp:featuredmedia":[{"embeddable":true,"href":"https:\/\/www.kamas.at\/hr\/wp-json\/wp\/v2\/media\/1713"}],"wp:attachment":[{"href":"https:\/\/www.kamas.at\/hr\/wp-json\/wp\/v2\/media?parent=1200"}],"wp:term":[{"taxonomy":"product_brand","embeddable":true,"href":"https:\/\/www.kamas.at\/hr\/wp-json\/wp\/v2\/product_brand?post=1200"},{"taxonomy":"product_cat","embeddable":true,"href":"https:\/\/www.kamas.at\/hr\/wp-json\/wp\/v2\/product_cat?post=1200"},{"taxonomy":"product_tag","embeddable":true,"href":"https:\/\/www.kamas.at\/hr\/wp-json\/wp\/v2\/product_tag?post=1200"}],"curies":[{"name":"wp","href":"https:\/\/api.w.org\/{rel}","templated":true}]}}