{"id":1329,"date":"2023-12-06T12:07:47","date_gmt":"2023-12-06T12:07:47","guid":{"rendered":"https:\/\/www.kamas.at\/produkt\/premium-kutija-2\/"},"modified":"2026-02-22T08:57:58","modified_gmt":"2026-02-22T08:57:58","slug":"premium-kutija-2","status":"publish","type":"product","link":"https:\/\/www.kamas.at\/hr\/produkt\/premium-kutija-2\/","title":{"rendered":"PREMIUM KUTIJA 2"},"content":{"rendered":"<p>Remium box sadr\u017ei tri proizvoda s magare\u0107im mlijekom: krema za lice, gel za tu\u0161iranje i losion za tijelo.<\/p>\n<p>Krema za lice je nje\u017ene i glatke teksture, a nano\u0161enjem na lice osloba\u0111a citrusni miris pomije\u0161an s cvjetovima smilja. Upravo ova kombinacija poma\u017ee osobama svih tipova ko\u017ee da zapo\u010dnu dan blistavi i nasmijani, ali i osloba\u0111a od stresa tijekom ve\u010dernjih beauty rituala. Zahvaljuju\u0107i dodatku aloe vere, shea maslaca i maslinovog ulja, ko\u017ea je hidratizirana, nahranjena i svje\u017ea. Gel za tu\u0161iranje s nje\u017enim mirisom gardenije i \u0161umskog vo\u0107a slu\u017ei i za pranje kose, a zahvaljuju\u0107i magare\u0107em mlijeku regenerira ko\u017eu, hidratizira je i \u010dini je mekom i podatnom. Losion za tijelo s magare\u0107im mlijekom 200 ml &#8211; Razmazite svoju ko\u017eu svilenkastim losionom za tijelo s magare\u0107im mlijekom. Zahvaljuju\u0107i eteri\u010dnom ulju slatke naran\u010de, bo\u017eanstveni miris osvojit \u0107e sva va\u0161a osjetila.<br \/>\nNanesite losion nakon tu\u0161iranja za bar\u0161unasto meku i svilenkasto glatku ko\u017eu.<\/p>\n","protected":false},"excerpt":{"rendered":"<p>Premium triptih za sveobuhvatnu njegu ko\u017ee<br \/>\nPremium kutija sadr\u017ei tri proizvoda s magare\u0107im mlijekom: krema za lice, gel za tu\u0161iranje i losion za tijelo.<br \/>\nNeka Viktoria bude va\u0161 izbor ako \u017eelite samo najbolje od prirode!<\/p>\n","protected":false},"featured_media":1658,"comment_status":"open","ping_status":"closed","template":"","meta":{"_acf_changed":false},"product_brand":[],"product_cat":[48,72,73,77],"product_tag":[],"class_list":{"0":"post-1329","1":"product","2":"type-product","3":"status-publish","4":"has-post-thumbnail","6":"product_cat-higijenska-kozmetika","7":"product_cat-neu-produkte-hr","8":"product_cat-sale-hr","9":"product_cat-set-hr","11":"first","12":"instock","13":"taxable","14":"shipping-taxable","15":"purchasable","16":"product-type-simple"},"acf":[],"jetpack_sharing_enabled":true,"_links":{"self":[{"href":"https:\/\/www.kamas.at\/hr\/wp-json\/wp\/v2\/product\/1329","targetHints":{"allow":["GET"]}}],"collection":[{"href":"https:\/\/www.kamas.at\/hr\/wp-json\/wp\/v2\/product"}],"about":[{"href":"https:\/\/www.kamas.at\/hr\/wp-json\/wp\/v2\/types\/product"}],"replies":[{"embeddable":true,"href":"https:\/\/www.kamas.at\/hr\/wp-json\/wp\/v2\/comments?post=1329"}],"wp:featuredmedia":[{"embeddable":true,"href":"https:\/\/www.kamas.at\/hr\/wp-json\/wp\/v2\/media\/1658"}],"wp:attachment":[{"href":"https:\/\/www.kamas.at\/hr\/wp-json\/wp\/v2\/media?parent=1329"}],"wp:term":[{"taxonomy":"product_brand","embeddable":true,"href":"https:\/\/www.kamas.at\/hr\/wp-json\/wp\/v2\/product_brand?post=1329"},{"taxonomy":"product_cat","embeddable":true,"href":"https:\/\/www.kamas.at\/hr\/wp-json\/wp\/v2\/product_cat?post=1329"},{"taxonomy":"product_tag","embeddable":true,"href":"https:\/\/www.kamas.at\/hr\/wp-json\/wp\/v2\/product_tag?post=1329"}],"curies":[{"name":"wp","href":"https:\/\/api.w.org\/{rel}","templated":true}]}}