{"id":1506,"date":"2026-01-14T09:53:04","date_gmt":"2026-01-14T09:53:04","guid":{"rendered":"https:\/\/www.kamas.at\/produkt\/always-summer-set\/"},"modified":"2026-02-22T08:57:59","modified_gmt":"2026-02-22T08:57:59","slug":"always-summer-set","status":"publish","type":"product","link":"https:\/\/www.kamas.at\/hr\/produkt\/always-summer-set\/","title":{"rendered":"Always Summer SET"},"content":{"rendered":"<p>Regenerierender Goldbalsam<\/p>\n<p>Ein vielseitiger Balsam mit Immortellen\u00f6l. F\u00fcr die t\u00e4gliche Pflege und strahlende Haut an Gesicht und K\u00f6rper. F\u00fcr ein angenehmes Hautgef\u00fchl. Tragen Sie den Balsam nach Bedarf auf die gereinigte und trockene Haut auf und massieren Sie ihn sanft ein.<\/p>\n<p>Regenerierender Goldbr\u00e4uner<\/p>\n<p>Ein Br\u00e4unungsbalsam mit Immortellenbl\u00fcten-, Karotten- und gr\u00fcnen Walnussmazeraten sorgt f\u00fcr eine gleichm\u00e4\u00dfige, goldene Br\u00e4une. Bio-Immortellenmazerat spendet der Haut Feuchtigkeit, Walnussmazerat regeneriert sie und Karottenmazerat f\u00f6rdert die nat\u00fcrliche Br\u00e4une und erh\u00e4lt sie. Hinterl\u00e4sst ein seidig-weiches Hautgef\u00fchl.<\/p>\n<p>Tragen Sie das \u00d6l vor oder w\u00e4hrend des Sonnenbadens auf den ganzen K\u00f6rper auf und wiederholen Sie die Anwendung nach jedem Schwimmen im Meer, Duschen oder Abtrocknen. Vermeiden Sie l\u00e4ngere Sonnenb\u00e4der, insbesondere zwischen 11 und 17 Uhr, und sch\u00fctzen Sie sich vor der Sonne.<\/p>\n","protected":false},"excerpt":{"rendered":"<p>ACHTUNG!<\/p>\n<p>Unsterbliche Linie:<br \/>\nGoldener Regenerierender Selbstbr\u00e4uner + Goldener Regenerierender Balsam 50 ml<\/p>\n<p>NUTZEN SIE: Sie erhalten Top-Produkte f\u00fcr den Sommer zu einem attraktiven Preis. Unser Selbstbr\u00e4uner eignet sich auch hervorragend f\u00fcr den Winter \u2013 zum Beispiel f\u00fcr eine Massage oder als \u00d6l nach dem Duschen. Die drei Mazerate (Immortelle, Gr\u00fcne Walnuss und Karotte) pflegen die Haut intensiv.<\/p>\n","protected":false},"featured_media":1498,"comment_status":"open","ping_status":"closed","template":"","meta":{"_acf_changed":false},"product_brand":[],"product_cat":[48,72,73,77],"product_tag":[],"class_list":{"0":"post-1506","1":"product","2":"type-product","3":"status-publish","4":"has-post-thumbnail","6":"product_cat-higijenska-kozmetika","7":"product_cat-neu-produkte-hr","8":"product_cat-sale-hr","9":"product_cat-set-hr","11":"first","12":"instock","13":"taxable","14":"shipping-taxable","15":"purchasable","16":"product-type-simple"},"acf":[],"jetpack_sharing_enabled":true,"_links":{"self":[{"href":"https:\/\/www.kamas.at\/hr\/wp-json\/wp\/v2\/product\/1506","targetHints":{"allow":["GET"]}}],"collection":[{"href":"https:\/\/www.kamas.at\/hr\/wp-json\/wp\/v2\/product"}],"about":[{"href":"https:\/\/www.kamas.at\/hr\/wp-json\/wp\/v2\/types\/product"}],"replies":[{"embeddable":true,"href":"https:\/\/www.kamas.at\/hr\/wp-json\/wp\/v2\/comments?post=1506"}],"wp:featuredmedia":[{"embeddable":true,"href":"https:\/\/www.kamas.at\/hr\/wp-json\/wp\/v2\/media\/1498"}],"wp:attachment":[{"href":"https:\/\/www.kamas.at\/hr\/wp-json\/wp\/v2\/media?parent=1506"}],"wp:term":[{"taxonomy":"product_brand","embeddable":true,"href":"https:\/\/www.kamas.at\/hr\/wp-json\/wp\/v2\/product_brand?post=1506"},{"taxonomy":"product_cat","embeddable":true,"href":"https:\/\/www.kamas.at\/hr\/wp-json\/wp\/v2\/product_cat?post=1506"},{"taxonomy":"product_tag","embeddable":true,"href":"https:\/\/www.kamas.at\/hr\/wp-json\/wp\/v2\/product_tag?post=1506"}],"curies":[{"name":"wp","href":"https:\/\/api.w.org\/{rel}","templated":true}]}}