{"id":1518,"date":"2026-01-14T10:31:44","date_gmt":"2026-01-14T10:31:44","guid":{"rendered":"https:\/\/www.kamas.at\/?post_type=product&#038;p=1518"},"modified":"2026-02-22T08:57:58","modified_gmt":"2026-02-22T08:57:58","slug":"intensive-golden-set","status":"publish","type":"product","link":"https:\/\/www.kamas.at\/hr\/produkt\/intensive-golden-set\/","title":{"rendered":"Intensive Golden SET"},"content":{"rendered":"<p><strong>Gold Regenerierende Creme<\/strong><\/p>\n<p>Unsere meistverkaufte Gesichtscreme wurde entwickelt, um m\u00fcde Haut zu revitalisieren. Die Formel mit Immortellen\u00f6l, Sheabutter, Zeolith, Wildrosenmazerat und Ylang-Ylang-\u00d6l hilft der Haut, ihr Gleichgewicht wiederzufinden und sich vor t\u00e4glichen Umwelteinfl\u00fcssen zu sch\u00fctzen. Diese seidige Creme nutzt die regenerierende Kraft der Immortellen-Essenz aus eigener Bio-Plantage.<\/p>\n<p>TIPP: Tragen Sie die Creme nach dem Gold Regenerierenden Serum auf.<\/p>\n<p><strong>Gold Regenerierendes Gesichtswasser<\/strong><\/p>\n<p>Eine innovative Mischung aus \u00d6l- und Wasserphasen spendet der Haut intensive Feuchtigkeit. Angereichert mit Immortellenbl\u00fctenwasser, Aloe-vera-Saft, antioxidativem Hartriegel\u00f6l und kaltgepresstem Sonnenblumen\u00f6l, stellt es das nat\u00fcrliche Gleichgewicht der Haut wieder her und sorgt f\u00fcr ein wohltuendes Hautgef\u00fchl.<\/p>\n<p>Vor Gebrauch gut sch\u00fctteln. Eine kleine Menge in die Handfl\u00e4che geben und auf die gereinigte Haut auftragen. Sanft ins Gesicht einklopfen, um die Aufnahme zu verbessern, und anschlie\u00dfend Ihre gewohnte Pflegeroutine fortsetzen. Zweimal t\u00e4glich anwenden.<\/p>\n<p><strong>Gold Regenerierendes Serum<\/strong><\/p>\n<p>Dieses Serum ist f\u00fcr alle Hauttypen geeignet und pflegt und spendet Feuchtigkeit. Es enth\u00e4lt unsere h\u00f6chste Konzentration an Immortelle-\u00d6l sowie Vanille- und Hagebuttenmazerat und antioxidativem Sanddorn\u00f6l. Dadurch werden die wichtigsten Anzeichen der Hautalterung gemildert. Das Serum strafft die Haut, gleicht den Hautton aus und verleiht Ihrem Gesicht einen strahlenden Teint.<\/p>\n<p>TIPP: Massieren Sie das Serum nach dem Gold Regenerierenden Gesichtswasser sanft in Ihre Haut ein.<\/p>\n","protected":false},"excerpt":{"rendered":"<p>Immortelle-Linie:<br \/>\nGoldregenerierendes Serum + Goldregenerierende Creme + Goldregenerierendes Gesichtswasser<\/p>\n<p>Aktion: Gratis Gua-Sha-Stein und wiederverwendbare Pads!<\/p>\n","protected":false},"featured_media":1528,"comment_status":"open","ping_status":"closed","template":"","meta":{"_acf_changed":false},"product_brand":[],"product_cat":[20,70,71,76],"product_tag":[],"class_list":{"0":"post-1518","1":"product","2":"type-product","3":"status-publish","4":"has-post-thumbnail","6":"product_cat-hygiene-kosmetik","7":"product_cat-neu-produkte","8":"product_cat-sale","9":"product_cat-set","11":"first","12":"instock","13":"taxable","14":"shipping-taxable","15":"purchasable","16":"product-type-simple"},"acf":[],"jetpack_sharing_enabled":true,"_links":{"self":[{"href":"https:\/\/www.kamas.at\/hr\/wp-json\/wp\/v2\/product\/1518","targetHints":{"allow":["GET"]}}],"collection":[{"href":"https:\/\/www.kamas.at\/hr\/wp-json\/wp\/v2\/product"}],"about":[{"href":"https:\/\/www.kamas.at\/hr\/wp-json\/wp\/v2\/types\/product"}],"replies":[{"embeddable":true,"href":"https:\/\/www.kamas.at\/hr\/wp-json\/wp\/v2\/comments?post=1518"}],"wp:featuredmedia":[{"embeddable":true,"href":"https:\/\/www.kamas.at\/hr\/wp-json\/wp\/v2\/media\/1528"}],"wp:attachment":[{"href":"https:\/\/www.kamas.at\/hr\/wp-json\/wp\/v2\/media?parent=1518"}],"wp:term":[{"taxonomy":"product_brand","embeddable":true,"href":"https:\/\/www.kamas.at\/hr\/wp-json\/wp\/v2\/product_brand?post=1518"},{"taxonomy":"product_cat","embeddable":true,"href":"https:\/\/www.kamas.at\/hr\/wp-json\/wp\/v2\/product_cat?post=1518"},{"taxonomy":"product_tag","embeddable":true,"href":"https:\/\/www.kamas.at\/hr\/wp-json\/wp\/v2\/product_tag?post=1518"}],"curies":[{"name":"wp","href":"https:\/\/api.w.org\/{rel}","templated":true}]}}