{"id":1531,"date":"2026-01-14T10:50:16","date_gmt":"2026-01-14T10:50:16","guid":{"rendered":"https:\/\/www.kamas.at\/?post_type=product&#038;p=1531"},"modified":"2026-02-22T08:57:58","modified_gmt":"2026-02-22T08:57:58","slug":"golden-set","status":"publish","type":"product","link":"https:\/\/www.kamas.at\/hr\/produkt\/golden-set\/","title":{"rendered":"Golden SET"},"content":{"rendered":"<p><strong>Gold Regenerierende Creme<\/strong><\/p>\n<p>Unsere meistverkaufte Gesichtscreme revitalisiert m\u00fcde Haut. Angereichert mit \u00e4therischem Immortellen\u00f6l, Sheabutter, Zeolith, Wildrosenmazerat und \u00e4therischem Ylang-Ylang-\u00d6l, hilft sie der Haut, ihr Gleichgewicht wiederzufinden und sich vor t\u00e4glichen Umwelteinfl\u00fcssen zu sch\u00fctzen. Diese seidige Creme nutzt die regenerierende Kraft der Immortellen-Essenz aus eigener Bio-Plantage.<\/p>\n<p>TIPP: Tragen Sie die Creme nach dem Gold Regenerierenden Serum auf.<\/p>\n<p><strong>Gold Regenerierendes Gesichtswasser<\/strong><\/p>\n<p>Eine innovative Mischung aus \u00d6l- und Wasserphasen spendet der Haut intensive Feuchtigkeit. Angereichert mit Immortellenbl\u00fctenwasser, Aloe-vera-Saft, antioxidativem Hartriegel\u00f6l und kaltgepresstem Sonnenblumen\u00f6l. Es stellt das nat\u00fcrliche Gleichgewicht der Haut wieder her und sorgt f\u00fcr ein wohltuendes Hautgef\u00fchl.<\/p>\n<p>Vor Gebrauch gut sch\u00fctteln. Eine kleine Menge in die Handfl\u00e4che geben und auf die gereinigte Haut auftragen. Sanft ins Gesicht einklopfen, um die Aufnahme zu verbessern, und anschlie\u00dfend Ihre gewohnte Pflegeroutine fortsetzen. Zweimal t\u00e4glich anwenden.<\/p>\n","protected":false},"excerpt":{"rendered":"<p>Immortelle-Linie:<br \/>\nGoldene Regenerierende Creme + Goldenerierendes Tonic<\/p>\n","protected":false},"featured_media":1532,"comment_status":"open","ping_status":"closed","template":"","meta":{"_acf_changed":false},"product_brand":[],"product_cat":[20,70,71,76],"product_tag":[],"class_list":{"0":"post-1531","1":"product","2":"type-product","3":"status-publish","4":"has-post-thumbnail","6":"product_cat-hygiene-kosmetik","7":"product_cat-neu-produkte","8":"product_cat-sale","9":"product_cat-set","11":"first","12":"instock","13":"taxable","14":"shipping-taxable","15":"purchasable","16":"product-type-simple"},"acf":[],"jetpack_sharing_enabled":true,"_links":{"self":[{"href":"https:\/\/www.kamas.at\/hr\/wp-json\/wp\/v2\/product\/1531","targetHints":{"allow":["GET"]}}],"collection":[{"href":"https:\/\/www.kamas.at\/hr\/wp-json\/wp\/v2\/product"}],"about":[{"href":"https:\/\/www.kamas.at\/hr\/wp-json\/wp\/v2\/types\/product"}],"replies":[{"embeddable":true,"href":"https:\/\/www.kamas.at\/hr\/wp-json\/wp\/v2\/comments?post=1531"}],"wp:featuredmedia":[{"embeddable":true,"href":"https:\/\/www.kamas.at\/hr\/wp-json\/wp\/v2\/media\/1532"}],"wp:attachment":[{"href":"https:\/\/www.kamas.at\/hr\/wp-json\/wp\/v2\/media?parent=1531"}],"wp:term":[{"taxonomy":"product_brand","embeddable":true,"href":"https:\/\/www.kamas.at\/hr\/wp-json\/wp\/v2\/product_brand?post=1531"},{"taxonomy":"product_cat","embeddable":true,"href":"https:\/\/www.kamas.at\/hr\/wp-json\/wp\/v2\/product_cat?post=1531"},{"taxonomy":"product_tag","embeddable":true,"href":"https:\/\/www.kamas.at\/hr\/wp-json\/wp\/v2\/product_tag?post=1531"}],"curies":[{"name":"wp","href":"https:\/\/api.w.org\/{rel}","templated":true}]}}