{"id":1554,"date":"2026-01-14T11:21:45","date_gmt":"2026-01-14T11:21:45","guid":{"rendered":"https:\/\/www.kamas.at\/?post_type=product&#038;p=1554"},"modified":"2026-02-22T08:57:59","modified_gmt":"2026-02-22T08:57:59","slug":"goldene-regenerierende-creme-gesichtspflegecreme-mit-immortelle-oel","status":"publish","type":"product","link":"https:\/\/www.kamas.at\/hr\/produkt\/goldene-regenerierende-creme-gesichtspflegecreme-mit-immortelle-oel\/","title":{"rendered":"Goldene Regenerierende Creme Gesichtspflegecreme mit Immortelle-\u00d6l"},"content":{"rendered":"<p>INHALTSSTOFFE: Aqua, Sonnenblumen\u00f6l, Italienisches Strohblumenwasser, Rosenextrakt, Panthenol, Sheabutter, Kaliumolivoylhydrolysiertes Haferprotein, Coco-Caprylat, Glycerin, Cetearylalkohol, Glycerylstearat, Zeolith, Gluconolacton, Glyceryloleat, Italienisches Strohblumen\u00f6l, Ylang-Ylang-\u00d6l, Allantoin, Xanthan, Rosmarinblattextrakt, Calciumgluconat, Natriumbenzoat, Kaliumsorbat, Dehydroessigs\u00e4ure, Linalool, Benzylalkohol, Benzylbenzoat, Limonen, Benzylsalicylat, Farnesol, Citral, Geraniol, Eugenol, Isoeugenol.<\/p>\n<p>Warnhinweis: Nur zur \u00e4u\u00dferlichen Anwendung.<\/p>\n<p>AUFBEWAHRUNG: K\u00fchl, trocken und dunkel lagern. Au\u00dferhalb der Reichweite von Kindern aufbewahren.<\/p>\n<p>Dermatologisch getestet.<\/p>\n","protected":false},"excerpt":{"rendered":"<p>Gesichtscreme mit Immortelle-\u00d6l<\/p>\n<p>Unsere meistverkaufte Gesichtscreme revitalisiert m\u00fcde Haut. Die Formel mit Immortelle-\u00d6l, Sheabutter, Zeolith, Hagebuttenextrakt und Ylang-Ylang-\u00d6l hilft der Haut, ihr Gleichgewicht wiederzufinden und sie vor t\u00e4glichen Umwelteinfl\u00fcssen zu sch\u00fctzen. Diese seidige Creme nutzt die regenerierende Kraft der Immortelle-Essenz aus eigener Bio-Plantage.<\/p>\n<p>TIPP: Tragen Sie die Creme nach dem Gold-Regenerativ-Serum auf.<\/p>\n","protected":false},"featured_media":1555,"comment_status":"open","ping_status":"closed","template":"","meta":{"_acf_changed":false},"product_brand":[],"product_cat":[20,70,71],"product_tag":[],"class_list":{"0":"post-1554","1":"product","2":"type-product","3":"status-publish","4":"has-post-thumbnail","6":"product_cat-hygiene-kosmetik","7":"product_cat-neu-produkte","8":"product_cat-sale","10":"first","11":"instock","12":"taxable","13":"shipping-taxable","14":"purchasable","15":"product-type-simple"},"acf":[],"jetpack_sharing_enabled":true,"_links":{"self":[{"href":"https:\/\/www.kamas.at\/hr\/wp-json\/wp\/v2\/product\/1554","targetHints":{"allow":["GET"]}}],"collection":[{"href":"https:\/\/www.kamas.at\/hr\/wp-json\/wp\/v2\/product"}],"about":[{"href":"https:\/\/www.kamas.at\/hr\/wp-json\/wp\/v2\/types\/product"}],"replies":[{"embeddable":true,"href":"https:\/\/www.kamas.at\/hr\/wp-json\/wp\/v2\/comments?post=1554"}],"wp:featuredmedia":[{"embeddable":true,"href":"https:\/\/www.kamas.at\/hr\/wp-json\/wp\/v2\/media\/1555"}],"wp:attachment":[{"href":"https:\/\/www.kamas.at\/hr\/wp-json\/wp\/v2\/media?parent=1554"}],"wp:term":[{"taxonomy":"product_brand","embeddable":true,"href":"https:\/\/www.kamas.at\/hr\/wp-json\/wp\/v2\/product_brand?post=1554"},{"taxonomy":"product_cat","embeddable":true,"href":"https:\/\/www.kamas.at\/hr\/wp-json\/wp\/v2\/product_cat?post=1554"},{"taxonomy":"product_tag","embeddable":true,"href":"https:\/\/www.kamas.at\/hr\/wp-json\/wp\/v2\/product_tag?post=1554"}],"curies":[{"name":"wp","href":"https:\/\/api.w.org\/{rel}","templated":true}]}}