{"id":1580,"date":"2026-01-14T12:04:08","date_gmt":"2026-01-14T12:04:08","guid":{"rendered":"https:\/\/www.kamas.at\/?post_type=product&#038;p=1580"},"modified":"2026-02-22T08:57:59","modified_gmt":"2026-02-22T08:57:59","slug":"gold-regenerating-tonic-zweiphasiges-feuchtigkeitstonikum-mit-immortelle","status":"publish","type":"product","link":"https:\/\/www.kamas.at\/hr\/produkt\/gold-regenerating-tonic-zweiphasiges-feuchtigkeitstonikum-mit-immortelle\/","title":{"rendered":"Gold Regenerating Tonic \u2013 Zweiphasiges Feuchtigkeitstonikum mit Immortelle"},"content":{"rendered":"<p>INHALTSSTOFFE: Sonnenblumen\u00f6l, Wasser, Italienisches Strohblumenwasser, Panthenol, Coco-Caprylat, Duftstoff, Aloe-vera-Blattsaft, Gluconolacton, Sanddornfrucht\u00f6l, Rosmarinblattextrakt, Calciumgluconat, Natriumbenzoat, Kaliumsorbat, Linalool, Limonen, Citral.<\/p>\n<p>WARNUNG: Nur zur \u00e4u\u00dferlichen Anwendung.<\/p>\n<p>AUFBEWAHRUNG: K\u00fchl, trocken und dunkel lagern. Au\u00dferhalb der Reichweite von Kindern aufbewahren.<\/p>\n","protected":false},"excerpt":{"rendered":"<p>Zweiphasiges Feuchtigkeits-Gesichtswasser mit Immortelle<\/p>\n<p>Eine innovative Mischung aus \u00d6l- und Wasserphase spendet der Haut intensive Feuchtigkeit. Angereichert mit Immortellenbl\u00fctenwasser, Aloe-vera-Saft, antioxidativem Sanddorn\u00f6l und kaltgepresstem Sonnenblumen\u00f6l. Es stellt das nat\u00fcrliche Gleichgewicht der Haut wieder her und sorgt f\u00fcr ein wohltuendes Hautgef\u00fchl.<\/p>\n<p>Vor Gebrauch gut sch\u00fctteln. Eine kleine Menge in die Handfl\u00e4che geben und anschlie\u00dfend auf die gereinigte Haut auftragen. Sanft ins Gesicht einklopfen, um die Aufnahme zu verbessern, und mit Ihrer gewohnten Pflegeroutine fortfahren. Zweimal t\u00e4glich anwenden.<\/p>\n","protected":false},"featured_media":1581,"comment_status":"open","ping_status":"closed","template":"","meta":{"_acf_changed":false},"product_brand":[],"product_cat":[20,70,71],"product_tag":[],"class_list":{"0":"post-1580","1":"product","2":"type-product","3":"status-publish","4":"has-post-thumbnail","6":"product_cat-hygiene-kosmetik","7":"product_cat-neu-produkte","8":"product_cat-sale","10":"first","11":"instock","12":"taxable","13":"shipping-taxable","14":"purchasable","15":"product-type-simple"},"acf":[],"jetpack_sharing_enabled":true,"_links":{"self":[{"href":"https:\/\/www.kamas.at\/hr\/wp-json\/wp\/v2\/product\/1580","targetHints":{"allow":["GET"]}}],"collection":[{"href":"https:\/\/www.kamas.at\/hr\/wp-json\/wp\/v2\/product"}],"about":[{"href":"https:\/\/www.kamas.at\/hr\/wp-json\/wp\/v2\/types\/product"}],"replies":[{"embeddable":true,"href":"https:\/\/www.kamas.at\/hr\/wp-json\/wp\/v2\/comments?post=1580"}],"wp:featuredmedia":[{"embeddable":true,"href":"https:\/\/www.kamas.at\/hr\/wp-json\/wp\/v2\/media\/1581"}],"wp:attachment":[{"href":"https:\/\/www.kamas.at\/hr\/wp-json\/wp\/v2\/media?parent=1580"}],"wp:term":[{"taxonomy":"product_brand","embeddable":true,"href":"https:\/\/www.kamas.at\/hr\/wp-json\/wp\/v2\/product_brand?post=1580"},{"taxonomy":"product_cat","embeddable":true,"href":"https:\/\/www.kamas.at\/hr\/wp-json\/wp\/v2\/product_cat?post=1580"},{"taxonomy":"product_tag","embeddable":true,"href":"https:\/\/www.kamas.at\/hr\/wp-json\/wp\/v2\/product_tag?post=1580"}],"curies":[{"name":"wp","href":"https:\/\/api.w.org\/{rel}","templated":true}]}}