{"id":1591,"date":"2026-01-14T12:26:38","date_gmt":"2026-01-14T12:26:38","guid":{"rendered":"https:\/\/www.kamas.at\/?post_type=product&#038;p=1591"},"modified":"2026-02-22T08:57:59","modified_gmt":"2026-02-22T08:57:59","slug":"goldener-regenerierungsbalsam-balsam-mit-immortellenoel-30-ml","status":"publish","type":"product","link":"https:\/\/www.kamas.at\/hr\/produkt\/goldener-regenerierungsbalsam-balsam-mit-immortellenoel-30-ml\/","title":{"rendered":"Goldener Regenerierungsbalsam \u2013 Balsam mit Immortellen\u00f6l, 30 ml"},"content":{"rendered":"<p>INHALTSSTOFFE: Oliven\u00f6l, Bienenwachs, Italienisches Strohblumen\u00f6l, Sonnenblumen\u00f6l, Rosmarinblattextrakt, Wasser, Dehydroessigs\u00e4ure, Benzylalkohol, Limonen, Linalool.<\/p>\n<p>WARNUNG: Nur zur \u00e4u\u00dferlichen Anwendung.<\/p>\n<p>AUFBEWAHRUNG: K\u00fchl, trocken und dunkel lagern. Au\u00dferhalb der Reichweite von Kindern aufbewahren.<\/p>\n","protected":false},"excerpt":{"rendered":"<p>Balsam mit Immortellen\u00f6l<\/p>\n<p>Ein vielseitiger Balsam mit Immortellen\u00f6l. F\u00fcr die t\u00e4gliche Pflege und strahlende Haut an Gesicht und K\u00f6rper. F\u00fcr ein angenehmes Hautgef\u00fchl. Den Balsam nach Bedarf auf die gereinigte, trockene Haut auftragen und sanft einmassieren.<\/p>\n","protected":false},"featured_media":1592,"comment_status":"open","ping_status":"closed","template":"","meta":{"_acf_changed":false},"product_brand":[],"product_cat":[20,70,71],"product_tag":[],"class_list":{"0":"post-1591","1":"product","2":"type-product","3":"status-publish","4":"has-post-thumbnail","6":"product_cat-hygiene-kosmetik","7":"product_cat-neu-produkte","8":"product_cat-sale","10":"first","11":"instock","12":"taxable","13":"shipping-taxable","14":"purchasable","15":"product-type-simple"},"acf":[],"jetpack_sharing_enabled":true,"_links":{"self":[{"href":"https:\/\/www.kamas.at\/hr\/wp-json\/wp\/v2\/product\/1591","targetHints":{"allow":["GET"]}}],"collection":[{"href":"https:\/\/www.kamas.at\/hr\/wp-json\/wp\/v2\/product"}],"about":[{"href":"https:\/\/www.kamas.at\/hr\/wp-json\/wp\/v2\/types\/product"}],"replies":[{"embeddable":true,"href":"https:\/\/www.kamas.at\/hr\/wp-json\/wp\/v2\/comments?post=1591"}],"wp:featuredmedia":[{"embeddable":true,"href":"https:\/\/www.kamas.at\/hr\/wp-json\/wp\/v2\/media\/1592"}],"wp:attachment":[{"href":"https:\/\/www.kamas.at\/hr\/wp-json\/wp\/v2\/media?parent=1591"}],"wp:term":[{"taxonomy":"product_brand","embeddable":true,"href":"https:\/\/www.kamas.at\/hr\/wp-json\/wp\/v2\/product_brand?post=1591"},{"taxonomy":"product_cat","embeddable":true,"href":"https:\/\/www.kamas.at\/hr\/wp-json\/wp\/v2\/product_cat?post=1591"},{"taxonomy":"product_tag","embeddable":true,"href":"https:\/\/www.kamas.at\/hr\/wp-json\/wp\/v2\/product_tag?post=1591"}],"curies":[{"name":"wp","href":"https:\/\/api.w.org\/{rel}","templated":true}]}}