{"id":1620,"date":"2026-01-14T12:43:53","date_gmt":"2026-01-14T12:43:53","guid":{"rendered":"https:\/\/www.kamas.at\/?post_type=product&#038;p=1620"},"modified":"2026-02-22T08:57:58","modified_gmt":"2026-02-22T08:57:58","slug":"eselsmilch-koerperlotion-51-gratis","status":"publish","type":"product","link":"https:\/\/www.kamas.at\/hr\/produkt\/eselsmilch-koerperlotion-51-gratis\/","title":{"rendered":"Eselsmilch-K\u00f6rperlotion 5+1 gratis"},"content":{"rendered":"","protected":false},"excerpt":{"rendered":"<p>Beim Kauf von f\u00fcnf K\u00f6rperlotionen mit Eselsmilch erhalten Sie eine weitere Lotion gratis dazu!<\/p>\n","protected":false},"featured_media":1621,"comment_status":"open","ping_status":"closed","template":"","meta":{"_acf_changed":false},"product_brand":[],"product_cat":[20,70,71,76],"product_tag":[],"class_list":{"0":"post-1620","1":"product","2":"type-product","3":"status-publish","4":"has-post-thumbnail","6":"product_cat-hygiene-kosmetik","7":"product_cat-neu-produkte","8":"product_cat-sale","9":"product_cat-set","11":"first","12":"instock","13":"taxable","14":"shipping-taxable","15":"purchasable","16":"product-type-simple"},"acf":[],"jetpack_sharing_enabled":true,"_links":{"self":[{"href":"https:\/\/www.kamas.at\/hr\/wp-json\/wp\/v2\/product\/1620","targetHints":{"allow":["GET"]}}],"collection":[{"href":"https:\/\/www.kamas.at\/hr\/wp-json\/wp\/v2\/product"}],"about":[{"href":"https:\/\/www.kamas.at\/hr\/wp-json\/wp\/v2\/types\/product"}],"replies":[{"embeddable":true,"href":"https:\/\/www.kamas.at\/hr\/wp-json\/wp\/v2\/comments?post=1620"}],"wp:featuredmedia":[{"embeddable":true,"href":"https:\/\/www.kamas.at\/hr\/wp-json\/wp\/v2\/media\/1621"}],"wp:attachment":[{"href":"https:\/\/www.kamas.at\/hr\/wp-json\/wp\/v2\/media?parent=1620"}],"wp:term":[{"taxonomy":"product_brand","embeddable":true,"href":"https:\/\/www.kamas.at\/hr\/wp-json\/wp\/v2\/product_brand?post=1620"},{"taxonomy":"product_cat","embeddable":true,"href":"https:\/\/www.kamas.at\/hr\/wp-json\/wp\/v2\/product_cat?post=1620"},{"taxonomy":"product_tag","embeddable":true,"href":"https:\/\/www.kamas.at\/hr\/wp-json\/wp\/v2\/product_tag?post=1620"}],"curies":[{"name":"wp","href":"https:\/\/api.w.org\/{rel}","templated":true}]}}