{"id":1660,"date":"2026-01-14T13:14:18","date_gmt":"2026-01-14T13:14:18","guid":{"rendered":"https:\/\/www.kamas.at\/?post_type=product&#038;p=1660"},"modified":"2026-01-14T13:14:18","modified_gmt":"2026-01-14T13:14:18","slug":"immortelle-oil-50ml","status":"publish","type":"product","link":"https:\/\/www.kamas.at\/hr\/produkt\/immortelle-oil-50ml\/","title":{"rendered":"Immortelle Oil 50ml"},"content":{"rendered":"<p>Immortellen-Mazerat 50 ml<br \/>\nMazerat aus Immortellenbl\u00fcten in nativem Oliven\u00f6l extra.<\/p>\n<p>Zutaten: Oliven\u00f6l, Immortellenbl\u00fctenextrakt.<\/p>\n<p>Aufbewahrung: K\u00fchl, trocken und dunkel lagern. Au\u00dferhalb der Reichweite von Kindern aufbewahren.<\/p>\n","protected":false},"excerpt":{"rendered":"<p>Immortellen-Mazerat 50 ml Mazerat aus Immortellenbl\u00fcten in nativem Oliven\u00f6l extra. Zutaten: Oliven\u00f6l, Immortellenbl\u00fctenextrakt. Aufbewahrung: K\u00fchl, trocken und dunkel lagern. Au\u00dferhalb der Reichweite von Kindern aufbewahren.<\/p>\n","protected":false},"featured_media":1661,"comment_status":"open","ping_status":"closed","template":"","meta":{"_acf_changed":false},"product_brand":[],"product_cat":[70,17,71],"product_tag":[],"class_list":{"0":"post-1660","1":"product","2":"type-product","3":"status-publish","4":"has-post-thumbnail","6":"product_cat-neu-produkte","7":"product_cat-oele","8":"product_cat-sale","10":"first","11":"instock","12":"sale","13":"taxable","14":"shipping-taxable","15":"purchasable","16":"product-type-simple"},"acf":[],"jetpack_sharing_enabled":true,"_links":{"self":[{"href":"https:\/\/www.kamas.at\/hr\/wp-json\/wp\/v2\/product\/1660","targetHints":{"allow":["GET"]}}],"collection":[{"href":"https:\/\/www.kamas.at\/hr\/wp-json\/wp\/v2\/product"}],"about":[{"href":"https:\/\/www.kamas.at\/hr\/wp-json\/wp\/v2\/types\/product"}],"replies":[{"embeddable":true,"href":"https:\/\/www.kamas.at\/hr\/wp-json\/wp\/v2\/comments?post=1660"}],"wp:featuredmedia":[{"embeddable":true,"href":"https:\/\/www.kamas.at\/hr\/wp-json\/wp\/v2\/media\/1661"}],"wp:attachment":[{"href":"https:\/\/www.kamas.at\/hr\/wp-json\/wp\/v2\/media?parent=1660"}],"wp:term":[{"taxonomy":"product_brand","embeddable":true,"href":"https:\/\/www.kamas.at\/hr\/wp-json\/wp\/v2\/product_brand?post=1660"},{"taxonomy":"product_cat","embeddable":true,"href":"https:\/\/www.kamas.at\/hr\/wp-json\/wp\/v2\/product_cat?post=1660"},{"taxonomy":"product_tag","embeddable":true,"href":"https:\/\/www.kamas.at\/hr\/wp-json\/wp\/v2\/product_tag?post=1660"}],"curies":[{"name":"wp","href":"https:\/\/api.w.org\/{rel}","templated":true}]}}