{"id":1664,"date":"2026-01-14T13:27:24","date_gmt":"2026-01-14T13:27:24","guid":{"rendered":"https:\/\/www.kamas.at\/?post_type=product&#038;p=1664"},"modified":"2026-01-14T13:27:24","modified_gmt":"2026-01-14T13:27:24","slug":"st-john-wort-oil-50ml","status":"publish","type":"product","link":"https:\/\/www.kamas.at\/hr\/produkt\/st-john-wort-oil-50ml\/","title":{"rendered":"St.John\u2019 Wort Oil 50ML"},"content":{"rendered":"<p>Johanniskraut-Mazerat 50 ml<br \/>\nJohanniskraut-Mazerat in nativem Oliven\u00f6l extra<\/p>\n<p>Zutaten: Oliven\u00f6l, Johanniskrautbl\u00fctenextrakt<\/p>\n<p>Lagerung: K\u00fchl, trocken und dunkel lagern. Au\u00dferhalb der Reichweite von Kindern aufbewahren.<\/p>\n","protected":false},"excerpt":{"rendered":"<p>Johanniskraut-Mazerat 50 ml Johanniskraut-Mazerat in nativem Oliven\u00f6l extra Zutaten: Oliven\u00f6l, Johanniskrautbl\u00fctenextrakt Lagerung: K\u00fchl, trocken und dunkel lagern. Au\u00dferhalb der Reichweite von Kindern aufbewahren.<\/p>\n","protected":false},"featured_media":1665,"comment_status":"open","ping_status":"closed","template":"","meta":{"_acf_changed":false},"product_brand":[],"product_cat":[70,17,71],"product_tag":[],"class_list":{"0":"post-1664","1":"product","2":"type-product","3":"status-publish","4":"has-post-thumbnail","6":"product_cat-neu-produkte","7":"product_cat-oele","8":"product_cat-sale","10":"first","11":"instock","12":"sale","13":"taxable","14":"shipping-taxable","15":"purchasable","16":"product-type-simple"},"acf":[],"jetpack_sharing_enabled":true,"_links":{"self":[{"href":"https:\/\/www.kamas.at\/hr\/wp-json\/wp\/v2\/product\/1664","targetHints":{"allow":["GET"]}}],"collection":[{"href":"https:\/\/www.kamas.at\/hr\/wp-json\/wp\/v2\/product"}],"about":[{"href":"https:\/\/www.kamas.at\/hr\/wp-json\/wp\/v2\/types\/product"}],"replies":[{"embeddable":true,"href":"https:\/\/www.kamas.at\/hr\/wp-json\/wp\/v2\/comments?post=1664"}],"wp:featuredmedia":[{"embeddable":true,"href":"https:\/\/www.kamas.at\/hr\/wp-json\/wp\/v2\/media\/1665"}],"wp:attachment":[{"href":"https:\/\/www.kamas.at\/hr\/wp-json\/wp\/v2\/media?parent=1664"}],"wp:term":[{"taxonomy":"product_brand","embeddable":true,"href":"https:\/\/www.kamas.at\/hr\/wp-json\/wp\/v2\/product_brand?post=1664"},{"taxonomy":"product_cat","embeddable":true,"href":"https:\/\/www.kamas.at\/hr\/wp-json\/wp\/v2\/product_cat?post=1664"},{"taxonomy":"product_tag","embeddable":true,"href":"https:\/\/www.kamas.at\/hr\/wp-json\/wp\/v2\/product_tag?post=1664"}],"curies":[{"name":"wp","href":"https:\/\/api.w.org\/{rel}","templated":true}]}}