{"id":1677,"date":"2026-01-14T13:35:46","date_gmt":"2026-01-14T13:35:46","guid":{"rendered":"https:\/\/www.kamas.at\/?post_type=product&#038;p=1677"},"modified":"2026-02-22T08:57:59","modified_gmt":"2026-02-22T08:57:59","slug":"barba-balsam-bartbalsam-30-ml","status":"publish","type":"product","link":"https:\/\/www.kamas.at\/hr\/produkt\/barba-balsam-bartbalsam-30-ml\/","title":{"rendered":"Barba Balsam \u2013 Bartbalsam 30 ml"},"content":{"rendered":"<p>BARBA BALM 30 ml<br \/>\nBartpflegebalsam<\/p>\n<p>Bio-Immortelle<\/p>\n<p>Beschreibung: Pflegt und verbessert das Aussehen des Bartes. Geeignet f\u00fcr Gesicht, Bart und Schnurrbart.<br \/>\nPflegt, spendet Feuchtigkeit, sch\u00fctzt und unterst\u00fctzt das gew\u00fcnschte Styling. Der Bart sieht nach der Anwendung nicht nur ges\u00fcnder aus, sondern ist auch weicher und geschmeidiger. Die Hauptinhaltsstoffe sind Rizinus\u00f6l und Immortellenmazerat, die Feuchtigkeit spenden, ohne zu fetten, sowie Bienenwachs, das die Feuchtigkeit im Bart speichert und f\u00fcr das gew\u00fcnschte Styling sorgt. Angereichert mit reinen \u00e4therischen \u00d6len aus Kiefer, Zeder, Rosmarin, Eukalyptus, Zitrone und Amyris, die neben erfrischenden Noten die Gesichtshaut pflegen. Die \u00e4therischen \u00d6le verleihen dem Balsam einen eleganten, holzigen Duft.<br \/>\nBesonders geeignet f\u00fcr die Pflege eines l\u00e4ngeren Bartes.<br \/>\nAnwendung: Eine kleine Menge Balsam in Bart und Haut einmassieren.<br \/>\nF\u00fcr optimale Ergebnisse eine kleine Menge Balsam (etwa erbsengro\u00df, bei l\u00e4ngerem Bart etwas mehr) zwischen den Handfl\u00e4chen erw\u00e4rmen und auf den vollst\u00e4ndig trockenen Bart auftragen. Beginnen Sie am Hals und arbeiten Sie sich nach oben zum Bart und Gesicht vor. Verwenden Sie einen Holzkamm f\u00fcr ein gleichm\u00e4\u00dfiges Ergebnis.<\/p>\n<p>Inhaltsstoffe: Prunus Amygdalus Dulcis Oil, Ricinus Communis Seed Oil, Olea Europaea Fruit Oil, Cera Flava, Helichrysum Italicum Flower Extract*, Amyris Balsamifera Bark Oil, Cedrus Atlantica Bark Extract, Juniperus Virginiana Oil, Citrus Limon Peel Oil, Eucalyptus Globulus Leaf Oil, Pinus Pumilio Branch\/Leaf Oil, Rosmarinus Officinalis Leaf Oil, Helianthus Annuus Seed Oil, Rosmarinus Officinalis Leaf Extract, Aqua, Dehydroacetic Acid, Benzyl Alcohol, Limonene, Citral, Linalool.<br \/>\n&#8230; Alle unsere Produkte enthalten ausschlie\u00dflich pflanzliche Wachse und ein f\u00fcr Naturkosmetik zugelassenes Konservierungsmittel.<\/p>\n<p>Warnhinweis: Nur zur \u00e4u\u00dferlichen Anwendung.<\/p>\n<p>Aufbewahrung: K\u00fchl, trocken und dunkel lagern. Au\u00dferhalb der Reichweite von Kindern aufbewahren.<\/p>\n","protected":false},"excerpt":{"rendered":"<p>Bartpflegebalsam.<br \/>\nPflegt und verbessert das Aussehen des Bartes. F\u00fcr Gesicht, Bart und Schnurrbart geeignet.<\/p>\n","protected":false},"featured_media":1678,"comment_status":"open","ping_status":"closed","template":"","meta":{"_acf_changed":false},"product_brand":[],"product_cat":[20,70,71],"product_tag":[],"class_list":{"0":"post-1677","1":"product","2":"type-product","3":"status-publish","4":"has-post-thumbnail","6":"product_cat-hygiene-kosmetik","7":"product_cat-neu-produkte","8":"product_cat-sale","10":"first","11":"instock","12":"taxable","13":"shipping-taxable","14":"purchasable","15":"product-type-simple"},"acf":[],"jetpack_sharing_enabled":true,"_links":{"self":[{"href":"https:\/\/www.kamas.at\/hr\/wp-json\/wp\/v2\/product\/1677","targetHints":{"allow":["GET"]}}],"collection":[{"href":"https:\/\/www.kamas.at\/hr\/wp-json\/wp\/v2\/product"}],"about":[{"href":"https:\/\/www.kamas.at\/hr\/wp-json\/wp\/v2\/types\/product"}],"replies":[{"embeddable":true,"href":"https:\/\/www.kamas.at\/hr\/wp-json\/wp\/v2\/comments?post=1677"}],"wp:featuredmedia":[{"embeddable":true,"href":"https:\/\/www.kamas.at\/hr\/wp-json\/wp\/v2\/media\/1678"}],"wp:attachment":[{"href":"https:\/\/www.kamas.at\/hr\/wp-json\/wp\/v2\/media?parent=1677"}],"wp:term":[{"taxonomy":"product_brand","embeddable":true,"href":"https:\/\/www.kamas.at\/hr\/wp-json\/wp\/v2\/product_brand?post=1677"},{"taxonomy":"product_cat","embeddable":true,"href":"https:\/\/www.kamas.at\/hr\/wp-json\/wp\/v2\/product_cat?post=1677"},{"taxonomy":"product_tag","embeddable":true,"href":"https:\/\/www.kamas.at\/hr\/wp-json\/wp\/v2\/product_tag?post=1677"}],"curies":[{"name":"wp","href":"https:\/\/api.w.org\/{rel}","templated":true}]}}