{"id":1732,"date":"2026-01-14T16:18:01","date_gmt":"2026-01-14T16:18:01","guid":{"rendered":"https:\/\/www.kamas.at\/?post_type=product&#038;p=1732"},"modified":"2026-02-17T02:03:16","modified_gmt":"2026-02-17T02:03:16","slug":"meersalz-zahnpasta","status":"publish","type":"product","link":"https:\/\/www.kamas.at\/hr\/produkt\/meersalz-zahnpasta\/","title":{"rendered":"Meersalz Zahnpasta"},"content":{"rendered":"<h2 data-start=\"149\" data-end=\"213\">\ud83c\udf0a Meersalz Zahnpasta \u2013 Nat\u00fcrliche Frische &amp; sanfte Reinigung<\/h2>\n<p data-start=\"215\" data-end=\"428\">Erleben Sie ein neues Gef\u00fchl von Reinheit und Frische bei der t\u00e4glichen Zahnpflege. Unsere Meersalz Zahnpasta kombiniert die mineralische Kraft des Meeres mit sanfter, nat\u00fcrlicher Pflege f\u00fcr Z\u00e4hne und Zahnfleisch.<\/p>\n<p data-start=\"430\" data-end=\"719\">Feine Meersalzkristalle unterst\u00fctzen die gr\u00fcndliche Reinigung, helfen Bel\u00e4ge zu entfernen und f\u00f6rdern ein frisches, sauberes Mundgef\u00fchl \u2013 ganz ohne aggressive Inhaltsstoffe. Die milde Formel schont das Zahnfleisch, unterst\u00fctzt die nat\u00fcrliche Mundflora und sorgt f\u00fcr langanhaltende Frische.<\/p>\n<p data-start=\"721\" data-end=\"852\">Der dezente, angenehme Geschmack macht jede Anwendung zu einem kleinen Wellness-Moment und verleiht Ihrem L\u00e4cheln neue Strahlkraft.<\/p>\n<h3 data-start=\"854\" data-end=\"891\">\ud83d\udc8e Ihre Vorteile auf einen Blick:<\/h3>\n<p data-start=\"892\" data-end=\"1119\">\u2714 Mit mineralischem Meersalz<br data-start=\"920\" data-end=\"923\" \/>\u2714 Sanfte Reinigung von Z\u00e4hnen und Zahnfleisch<br data-start=\"968\" data-end=\"971\" \/>\u2714 Unterst\u00fctzt frischen Atem<br data-start=\"998\" data-end=\"1001\" \/>\u2714 Schonend f\u00fcr den t\u00e4glichen Gebrauch<br data-start=\"1038\" data-end=\"1041\" \/>\u2714 Frei von unn\u00f6tigen Zus\u00e4tzen<br data-start=\"1070\" data-end=\"1073\" \/>\u2714 Elegantes Design \u2013 ideal auch als Geschenk<\/p>\n<p data-start=\"1121\" data-end=\"1257\"><strong data-start=\"1121\" data-end=\"1135\">Anwendung:<\/strong><br data-start=\"1135\" data-end=\"1138\" \/>Zweimal t\u00e4glich eine erbsengro\u00dfe Menge auf die Zahnb\u00fcrste geben und die Z\u00e4hne gr\u00fcndlich putzen. Anschlie\u00dfend aussp\u00fclen.<\/p>\n","protected":false},"excerpt":{"rendered":"<p>\ud83c\udf0a Meersalz Zahnpasta \u2013 Nat\u00fcrliche Frische &amp; sanfte Reinigung Erleben Sie ein neues Gef\u00fchl von Reinheit und Frische bei der t\u00e4glichen Zahnpflege. Unsere Meersalz Zahnpasta kombiniert die mineralische Kraft des [&hellip;]<\/p>\n","protected":false},"featured_media":1742,"comment_status":"open","ping_status":"closed","template":"","meta":{"_acf_changed":false},"product_brand":[],"product_cat":[20,70,71],"product_tag":[],"class_list":{"0":"post-1732","1":"product","2":"type-product","3":"status-publish","4":"has-post-thumbnail","6":"product_cat-hygiene-kosmetik","7":"product_cat-neu-produkte","8":"product_cat-sale","10":"first","11":"instock","12":"taxable","13":"shipping-taxable","14":"purchasable","15":"product-type-variable"},"acf":[],"jetpack_sharing_enabled":true,"_links":{"self":[{"href":"https:\/\/www.kamas.at\/hr\/wp-json\/wp\/v2\/product\/1732","targetHints":{"allow":["GET"]}}],"collection":[{"href":"https:\/\/www.kamas.at\/hr\/wp-json\/wp\/v2\/product"}],"about":[{"href":"https:\/\/www.kamas.at\/hr\/wp-json\/wp\/v2\/types\/product"}],"replies":[{"embeddable":true,"href":"https:\/\/www.kamas.at\/hr\/wp-json\/wp\/v2\/comments?post=1732"}],"wp:featuredmedia":[{"embeddable":true,"href":"https:\/\/www.kamas.at\/hr\/wp-json\/wp\/v2\/media\/1742"}],"wp:attachment":[{"href":"https:\/\/www.kamas.at\/hr\/wp-json\/wp\/v2\/media?parent=1732"}],"wp:term":[{"taxonomy":"product_brand","embeddable":true,"href":"https:\/\/www.kamas.at\/hr\/wp-json\/wp\/v2\/product_brand?post=1732"},{"taxonomy":"product_cat","embeddable":true,"href":"https:\/\/www.kamas.at\/hr\/wp-json\/wp\/v2\/product_cat?post=1732"},{"taxonomy":"product_tag","embeddable":true,"href":"https:\/\/www.kamas.at\/hr\/wp-json\/wp\/v2\/product_tag?post=1732"}],"curies":[{"name":"wp","href":"https:\/\/api.w.org\/{rel}","templated":true}]}}