{"id":882,"date":"2023-03-14T14:23:54","date_gmt":"2023-03-14T14:23:54","guid":{"rendered":"https:\/\/www.kamas.at\/produkt\/crni-caj\/"},"modified":"2023-03-21T12:20:06","modified_gmt":"2023-03-21T12:20:06","slug":"crni-caj","status":"publish","type":"product","link":"https:\/\/www.kamas.at\/hr\/produkt\/crni-caj\/","title":{"rendered":"Crni Caj"},"content":{"rendered":"<p><em>Prvo ispiranje<\/em> je prva berba \u010daja nakon zimske stanke, koja traje od kraja velja\u010de do kraja travnja. Ovi crni \u010dajevi su nje\u017enog cvjetnog okusa i zlatno \u017euti u \u0161alici.<\/p>\n<p>Jam\u010dimo da na\u0161e prvo ispiranje dolazi isklju\u010divo od \u017eetve navedene berbe.<\/p>\n<p>Iz certificiranog organskog uzgoja (organsko inspekcijsko tijelo DE-\u00d6KO-005).<\/p>\n","protected":false},"excerpt":{"rendered":"<div class=\"item-details-headline\">\n<h2><em><strong>priprema<\/strong><\/em><\/h2>\n<\/div>\n<div class=\"item-details-content\">Prokuhajte svje\u017eu vodu iz slavine. Za posudu (pribli\u017eno 500 ml), prelijte vru\u0107om vodom \u017elicu listova \u010daja (pribli\u017eno 4 g) i ostavite da se kuha 2-3 minute. Procijedite \u010daj i u\u017eivajte! Koli\u010dina \u010daja u \u017elicama<\/div>\n<div>\n<div class=\"attribute_symbol\"><img decoding=\"async\" title=\"\" src=\"https:\/\/www.teekampagne.de\/userdata\/dcshop\/filter_icon\/784311_can.png\" alt=\"1 velika \u017elica\" data-toggle=\"tooltip\" data-placement=\"top\" data-original-title=\"Teemenge in Essl\u00f6ffeln\" aria-describedby=\"tooltip438192\"><\/p>\n<div id=\"tooltip438192\" class=\"tooltip fade top in\" role=\"tooltip\">\n<div class=\"tooltip-arrow\"><\/div>\n<div class=\"tooltip-inner\"><\/div>\n<\/div>\n<div class=\"attribute_description\">1 velika \u017elica<\/div>\n<\/div>\n<div class=\"attribute_symbol\"><img decoding=\"async\" title=\"\" src=\"https:\/\/www.teekampagne.de\/userdata\/dcshop\/filter_icon\/468719_temperature.png\" alt=\"najmanje 90\u00b0C\" data-toggle=\"tooltip\" data-placement=\"top\" data-original-title=\"Temperatur in \u00b0C\"><\/p>\n<div class=\"attribute_description\">min. 90\u00b0C<\/div>\n<\/div>\n<div class=\"attribute_symbol\"><img decoding=\"async\" title=\"\" src=\"https:\/\/www.teekampagne.de\/userdata\/dcshop\/filter_icon\/896127_spoon.png\" alt=\"500 ml\" data-toggle=\"tooltip\" data-placement=\"top\" data-original-title=\"Wassermenge in ml\"><\/p>\n<div class=\"attribute_description\">500 ml<\/div>\n<\/div>\n<div class=\"attribute_symbol\"><img decoding=\"async\" title=\"\" src=\"https:\/\/www.teekampagne.de\/userdata\/dcshop\/filter_icon\/838042_clock.png\" alt=\"2-3 Minuten\" data-toggle=\"tooltip\" data-placement=\"top\" data-original-title=\"Ziehzeit\"><\/p>\n<div class=\"attribute_description\">2-3 Minuten<\/div>\n<\/div>\n<\/div>\n","protected":false},"featured_media":856,"comment_status":"open","ping_status":"closed","template":"","meta":{"_acf_changed":false},"product_brand":[],"product_cat":[53],"product_tag":[],"class_list":{"0":"post-882","1":"product","2":"type-product","3":"status-publish","4":"has-post-thumbnail","6":"product_cat-caj","8":"first","9":"outofstock","10":"taxable","11":"shipping-taxable","12":"purchasable","13":"product-type-simple"},"acf":[],"jetpack_sharing_enabled":true,"_links":{"self":[{"href":"https:\/\/www.kamas.at\/hr\/wp-json\/wp\/v2\/product\/882","targetHints":{"allow":["GET"]}}],"collection":[{"href":"https:\/\/www.kamas.at\/hr\/wp-json\/wp\/v2\/product"}],"about":[{"href":"https:\/\/www.kamas.at\/hr\/wp-json\/wp\/v2\/types\/product"}],"replies":[{"embeddable":true,"href":"https:\/\/www.kamas.at\/hr\/wp-json\/wp\/v2\/comments?post=882"}],"wp:featuredmedia":[{"embeddable":true,"href":"https:\/\/www.kamas.at\/hr\/wp-json\/wp\/v2\/media\/856"}],"wp:attachment":[{"href":"https:\/\/www.kamas.at\/hr\/wp-json\/wp\/v2\/media?parent=882"}],"wp:term":[{"taxonomy":"product_brand","embeddable":true,"href":"https:\/\/www.kamas.at\/hr\/wp-json\/wp\/v2\/product_brand?post=882"},{"taxonomy":"product_cat","embeddable":true,"href":"https:\/\/www.kamas.at\/hr\/wp-json\/wp\/v2\/product_cat?post=882"},{"taxonomy":"product_tag","embeddable":true,"href":"https:\/\/www.kamas.at\/hr\/wp-json\/wp\/v2\/product_tag?post=882"}],"curies":[{"name":"wp","href":"https:\/\/api.w.org\/{rel}","templated":true}]}}