{"id":885,"date":"2023-03-14T14:08:25","date_gmt":"2023-03-14T14:08:25","guid":{"rendered":"https:\/\/www.kamas.at\/produkt\/zeleni-caj\/"},"modified":"2023-03-14T14:08:25","modified_gmt":"2023-03-14T14:08:25","slug":"zeleni-caj","status":"publish","type":"product","link":"https:\/\/www.kamas.at\/hr\/produkt\/zeleni-caj\/","title":{"rendered":"zeleni \u010daj"},"content":{"rendered":"<p>Listovi zelenog \u010daja potje\u010du od istih grmova \u010daja kao i listovi crnog \u010daja, ali nisu fermentirani. Izostanak ovog oksidativnog procesa ne samo da \u010duva zelenu boju listova, ve\u0107 i njihove izvorne sastojke i tipi\u010dnu aromu zelenog \u010daja. Na\u0161 zeleni Darjeeling ima gorko-slatki okus, a istovremeno je blag i svje\u017e, te impresionira svojom jarkozelenom \u0161alicom.<\/p>\n<p>Ovaj vrtni \u010daj dolazi isklju\u010divo iz \u010dajnog vrta<\/p>\n<p>&nbsp;<\/p>\n<p>&nbsp;<\/p>\n","protected":false},"excerpt":{"rendered":"<div class=\"item-details-headline\">\n<h2><em><strong>priprema<\/strong><\/em><\/h2>\n<\/div>\n<div class=\"item-details-content\">Prokuhajte svje\u017eu vodu iz slavine i ostavite je da se ohladi na 70 do 80\u00b0C oko 10 minuta. Za posudu (pribli\u017eno 500 ml), prelijte vru\u0107om vodom \u017elicu listova \u010daja (pribli\u017eno 4 g) i ostavite da se namo\u010di oko 2 minute s otvorenom posudicom. Procijedite \u010daj i u\u017eivajte!<\/div>\n<div>\n<div class=\"attribute_symbol\">\n<p><img decoding=\"async\" title=\"\" src=\"https:\/\/www.teekampagne.de\/userdata\/dcshop\/filter_icon\/784311_can.png\" alt=\"1 velika \u017elica\" data-toggle=\"tooltip\" data-placement=\"top\" data-original-title=\"Teemenge in Essl\u00f6ffeln\" aria-describedby=\"tooltip587228\"><\/p>\n<div id=\"tooltip587228\" class=\"tooltip fade top in\" role=\"tooltip\">\n<div class=\"tooltip-arrow\"><\/div>\n<div class=\"tooltip-inner\">Koli\u010dina \u010daja u \u017elicama<\/div>\n<\/div>\n<div class=\"attribute_description\">1 velika \u017elica<\/div>\n<\/div>\n<div class=\"attribute_symbol\">\n<p><img decoding=\"async\" title=\"\" src=\"https:\/\/www.teekampagne.de\/userdata\/dcshop\/filter_icon\/684874_temperature.png\" alt=\"min 70\u00b0C-80\u00b0C\" data-toggle=\"tooltip\" data-placement=\"top\" data-original-title=\"Temperatur in \u00b0C\"><\/p>\n<div class=\"attribute_description\">min 70\u00b0C-80\u00b0C<\/div>\n<\/div>\n<div class=\"attribute_symbol\">\n<p><img decoding=\"async\" title=\"\" src=\"https:\/\/www.teekampagne.de\/userdata\/dcshop\/filter_icon\/896127_spoon.png\" alt=\"500 ml\" data-toggle=\"tooltip\" data-placement=\"top\" data-original-title=\"Wassermenge in ml\"><\/p>\n<div class=\"attribute_description\">500 ml<\/div>\n<\/div>\n<div class=\"attribute_symbol\">\n<p><img decoding=\"async\" title=\"\" src=\"https:\/\/www.teekampagne.de\/userdata\/dcshop\/filter_icon\/323677_clock.png\" alt=\"2 minute\" data-toggle=\"tooltip\" data-placement=\"top\" data-original-title=\"Ziehzeit\"><\/p>\n<div class=\"attribute_description\">2 minute<\/div>\n<\/div>\n<\/div>\n","protected":false},"featured_media":852,"comment_status":"open","ping_status":"closed","template":"","meta":{"_acf_changed":false},"product_brand":[],"product_cat":[53],"product_tag":[],"class_list":{"0":"post-885","1":"product","2":"type-product","3":"status-publish","4":"has-post-thumbnail","6":"product_cat-caj","8":"first","9":"outofstock","10":"taxable","11":"shipping-taxable","12":"purchasable","13":"product-type-simple"},"acf":[],"jetpack_sharing_enabled":true,"_links":{"self":[{"href":"https:\/\/www.kamas.at\/hr\/wp-json\/wp\/v2\/product\/885","targetHints":{"allow":["GET"]}}],"collection":[{"href":"https:\/\/www.kamas.at\/hr\/wp-json\/wp\/v2\/product"}],"about":[{"href":"https:\/\/www.kamas.at\/hr\/wp-json\/wp\/v2\/types\/product"}],"replies":[{"embeddable":true,"href":"https:\/\/www.kamas.at\/hr\/wp-json\/wp\/v2\/comments?post=885"}],"wp:featuredmedia":[{"embeddable":true,"href":"https:\/\/www.kamas.at\/hr\/wp-json\/wp\/v2\/media\/852"}],"wp:attachment":[{"href":"https:\/\/www.kamas.at\/hr\/wp-json\/wp\/v2\/media?parent=885"}],"wp:term":[{"taxonomy":"product_brand","embeddable":true,"href":"https:\/\/www.kamas.at\/hr\/wp-json\/wp\/v2\/product_brand?post=885"},{"taxonomy":"product_cat","embeddable":true,"href":"https:\/\/www.kamas.at\/hr\/wp-json\/wp\/v2\/product_cat?post=885"},{"taxonomy":"product_tag","embeddable":true,"href":"https:\/\/www.kamas.at\/hr\/wp-json\/wp\/v2\/product_tag?post=885"}],"curies":[{"name":"wp","href":"https:\/\/api.w.org\/{rel}","templated":true}]}}